{"id":148,"date":"2025-04-03T07:55:32","date_gmt":"2025-04-03T07:55:32","guid":{"rendered":"https:\/\/mrdwebsite-dxgugwf3hpd6fpef.eastus2-01.azurewebsites.net\/?page_id=148"},"modified":"2025-09-27T00:48:28","modified_gmt":"2025-09-27T00:48:28","slug":"solicitar-demo","status":"publish","type":"page","link":"https:\/\/www.myremotedr.com\/es\/solicitar-demo\/","title":{"rendered":"Request a Demo"},"content":{"rendered":"<div style=\"height:100px\" aria-hidden=\"true\" class=\"wp-block-spacer\"><\/div>\n\n\n\n<div class=\"wp-block-group alignfull has-global-padding is-layout-constrained wp-block-group-is-layout-constrained has-background\" style=\"border-style:none;border-width:0px;padding-top:var(--wp--preset--spacing--x-small);padding-bottom:var(--wp--preset--spacing--x-small);background-position:22% 10%;\">\n<div class=\"wp-block-columns is-layout-flex wp-container-core-columns-is-layout-7db7aa3e wp-block-columns-is-layout-flex\" style=\"padding-right:0;padding-left:0\">\n<div class=\"wp-block-column is-vertically-aligned-center is-layout-flow wp-block-column-is-layout-flow\">\n<div class=\"wp-block-columns are-vertically-aligned-top is-layout-flex wp-container-core-columns-is-layout-7db7aa3e wp-block-columns-is-layout-flex\" style=\"padding-right:0;padding-left:0\">\n<div class=\"wp-block-column is-vertically-aligned-top is-layout-flow wp-block-column-is-layout-flow\">\n<div class=\"wp-block-columns is-layout-flex wp-container-core-columns-is-layout-28f84493 wp-block-columns-is-layout-flex\">\n<div class=\"wp-block-column is-vertically-aligned-top is-style-shadow is-layout-flow wp-block-column-is-layout-flow\" style=\"border-style:none;border-width:0px;padding-top:14px;padding-right:14px;padding-bottom:14px;padding-left:14px;flex-basis:50%\">\n<div class=\"wp-block-columns is-layout-flex wp-container-core-columns-is-layout-28f84493 wp-block-columns-is-layout-flex\">\n<div class=\"wp-block-column is-layout-flow wp-block-column-is-layout-flow\" style=\"flex-basis:100%\">\n<div class=\"wp-block-columns is-layout-flex wp-container-core-columns-is-layout-28f84493 wp-block-columns-is-layout-flex\">\n<div class=\"wp-block-column is-layout-flow wp-block-column-is-layout-flow\" style=\"flex-basis:100%\">\n<figure class=\"wp-block-image size-full is-resized\"><img fetchpriority=\"high\" decoding=\"async\" width=\"300\" height=\"296\" src=\"\/wp-content\/uploads\/2025\/09\/AdobeStock_356617558-circle-demo-300x296-1.png\" alt=\"\" class=\"wp-image-2999\" style=\"aspect-ratio:1;object-fit:cover;width:auto;height:349px\" srcset=\"\/wp-content\/uploads\/2025\/09\/AdobeStock_356617558-circle-demo-300x296-1.png 300w, \/wp-content\/uploads\/2025\/09\/AdobeStock_356617558-circle-demo-300x296-1-12x12.png 12w\" sizes=\"(max-width: 300px) 100vw, 300px\" \/><\/figure>\n<\/div>\n<\/div>\n<\/div>\n<\/div>\n<\/div>\n\n\n\n<div class=\"wp-block-column is-vertically-aligned-center is-style-shadow is-layout-flow wp-block-column-is-layout-flow\" style=\"border-style:none;border-width:0px;padding-top:14px;padding-right:14px;padding-bottom:14px;padding-left:14px;flex-basis:50%\">\n<div class=\"wp-block-columns is-layout-flex wp-container-core-columns-is-layout-28f84493 wp-block-columns-is-layout-flex\">\n<div class=\"wp-block-column is-layout-flow wp-block-column-is-layout-flow\" style=\"flex-basis:100%\">\n<div class=\"wp-block-columns is-layout-flex wp-container-core-columns-is-layout-28f84493 wp-block-columns-is-layout-flex\">\n<div class=\"wp-block-column is-layout-flow wp-block-column-is-layout-flow\" style=\"flex-basis:100%\">\n<h2 class=\"wp-block-heading has-text-color has-link-color has-large-font-size wp-elements-615aa091646a7333c6a02c47ca9b9b8b\" style=\"color:#333333;font-style:normal;font-weight:300;letter-spacing:0px\"><strong>Agende un Demo de 15 min<\/strong><br>Vea MyRemoteDr en acci\u00f3n<\/h2>\n\n\n\n<h5 class=\"wp-block-heading has-text-color has-link-color has-medium-font-size wp-elements-7852d2cc91b59b4833b054f2697758dd\" style=\"color:#333333;font-style:normal;font-weight:400\">Esperamos compartir con usted c\u00f3mo MyRemoteDr puede ayudar a su organizaci\u00f3n.<br><br>Nuestra demostraci\u00f3n le permitir\u00e1 experimentar el valor real de nuestra plataforma.<\/h5>\n<\/div>\n<\/div>\n<\/div>\n<\/div>\n<\/div>\n<\/div>\n<\/div>\n<\/div>\n<\/div>\n<\/div>\n<\/div>\n\n\n\n<h3 class=\"wp-block-heading has-text-align-left has-text-color has-link-color wp-elements-eb5f805f713e58fc602387dfc0cd6da1\" style=\"color:#0191c8;font-size:clamp(22.041px, 1.378rem + ((1vw - 3.2px) * 1.454), 36px);\"><strong>\u00bfDesea dar ahora el siguiente paso?<\/strong><\/h3>\n\n\n\n<p class=\"has-text-color has-link-color has-large-font-size wp-elements-78e3f0d9e9e67a707ffdac9a7c4488b7\" style=\"color:#0191c8\">Agende su demo, hablamos espa\u00f1ol:<\/p>\n\n\n\n<hr \/>\n<div style=\"width: 100%; height: 800px;\">\n  <iframe src=\"https:\/\/calendly.com\/myremotedr\/15min\" width=\"100%\" height=\"100%\" style=\"border: none;\"><\/iframe>\n<\/div>\n\n\n\n<div class=\"wp-block-buttons is-layout-flex wp-block-buttons-is-layout-flex\"><\/div>\n\n\n\n<p><\/p>\n\n\n\n<p><\/p>","protected":false},"excerpt":{"rendered":"<p>Request a 15-min DemoSee MyRemoteDr in Action We look forward to sharing how MyRemoteDr can help your organization. This demonstration will let you experience the benefits MyRemoteDr will bring to your organization. Ready to Get Started? Schedule Your Demo Using the Calendar Below<\/p>","protected":false},"author":1,"featured_media":0,"parent":0,"menu_order":0,"comment_status":"closed","ping_status":"closed","template":"page-templates\/no-title.php","meta":{"_monsterinsights_skip_tracking":false,"_monsterinsights_sitenote_active":false,"_monsterinsights_sitenote_note":"","_monsterinsights_sitenote_category":0,"footnotes":""},"class_list":["post-148","page","type-page","status-publish","hentry"],"aioseo_notices":[],"_links":{"self":[{"href":"https:\/\/www.myremotedr.com\/es\/wp-json\/wp\/v2\/pages\/148","targetHints":{"allow":["GET"]}}],"collection":[{"href":"https:\/\/www.myremotedr.com\/es\/wp-json\/wp\/v2\/pages"}],"about":[{"href":"https:\/\/www.myremotedr.com\/es\/wp-json\/wp\/v2\/types\/page"}],"author":[{"embeddable":true,"href":"https:\/\/www.myremotedr.com\/es\/wp-json\/wp\/v2\/users\/1"}],"replies":[{"embeddable":true,"href":"https:\/\/www.myremotedr.com\/es\/wp-json\/wp\/v2\/comments?post=148"}],"version-history":[{"count":99,"href":"https:\/\/www.myremotedr.com\/es\/wp-json\/wp\/v2\/pages\/148\/revisions"}],"predecessor-version":[{"id":3201,"href":"https:\/\/www.myremotedr.com\/es\/wp-json\/wp\/v2\/pages\/148\/revisions\/3201"}],"wp:attachment":[{"href":"https:\/\/www.myremotedr.com\/es\/wp-json\/wp\/v2\/media?parent=148"}],"curies":[{"name":"wp","href":"https:\/\/api.w.org\/{rel}","templated":true}]}}