{"id":2177,"date":"2025-05-21T23:47:57","date_gmt":"2025-05-21T23:47:57","guid":{"rendered":"https:\/\/home.myremotedr.com\/?page_id=2177"},"modified":"2025-10-22T01:59:36","modified_gmt":"2025-10-22T01:59:36","slug":"myremotedr-plataforma","status":"publish","type":"page","link":"https:\/\/www.myremotedr.com\/es\/myremotedr-plataforma\/","title":{"rendered":"La Plataforma de MyRemoteDr"},"content":{"rendered":"<div class=\"n2_clear\"><ss3-force-full-width data-overflow-x=\"body\" data-horizontal-selector=\"body\"><div class=\"n2-section-smartslider fitvidsignore  n2_clear\" data-ssid=\"19\"><div id=\"n2-ss-19-align\" class=\"n2-ss-align\"><div class=\"n2-padding\"><div id=\"n2-ss-19\" data-creator=\"Smart Slider 3\" data-responsive=\"fullwidth\" class=\"n2-ss-slider n2-ow n2-has-hover n2notransition\">\n        <div class=\"n2-ss-slider-1 n2_ss__touch_element n2-ow\">\n            <div class=\"n2-ss-slider-2 n2-ow\">\n                                                <div class=\"n2-ss-slider-3 n2-ow\">\n\n                    <div class=\"n2-ss-slide-backgrounds n2-ow-all\"><div class=\"n2-ss-slide-background\" data-public-id=\"1\" data-mode=\"fill\"><div class=\"n2-ss-slide-background-image\" data-blur=\"0\" data-opacity=\"100\" data-x=\"49\" data-y=\"18\" data-alt=\"MyRemoteDr Platform\" data-title=\"MyRemoteDr Platform\" style=\"--ss-o-pos-x:49%;--ss-o-pos-y:18%\"><picture class=\"skip-lazy\" data-skip-lazy=\"1\"><img decoding=\"async\" src=\"https:\/\/wpstorage61de536fe5.blob.core.windows.net\/wpblob61de536fe5\/wp-content\/uploads\/2025\/09\/Platform_page-1.jpg\" alt=\"La Plataforma de MyRemoteDr\" title=\"La Plataforma de MyRemoteDr\" loading=\"lazy\" class=\"skip-lazy\" data-skip-lazy=\"1\"><\/picture><\/div><div data-color=\"RGBA(255,255,255,0.79)\" style=\"background-color: RGBA(255,255,255,0.79);\" class=\"n2-ss-slide-background-color\"><\/div><\/div><\/div>                    <div class=\"n2-ss-slider-4 n2-ow\">\n                        <svg xmlns=\"http:\/\/www.w3.org\/2000\/svg\" viewbox=\"0 0 1200 450\" data-related-device=\"desktopPortrait\" class=\"n2-ow n2-ss-preserve-size n2-ss-preserve-size--slider n2-ss-slide-limiter\"><\/svg><div data-first=\"1\" data-slide-duration=\"0\" data-id=\"32\" data-slide-public-id=\"1\" data-title=\"MyRemoteDr Platform\" class=\"n2-ss-slide n2-ow  n2-ss-slide-32\"><div role=\"note\" class=\"n2-ss-slide--focus\" tabindex=\"-1\">La Plataforma de MyRemoteDr<\/div><div class=\"n2-ss-layers-container n2-ss-slide-limiter n2-ow\"><div class=\"n2-ss-layer n2-ow n-uc-lpGPuEjVWt4B\" data-sstype=\"slide\" data-pm=\"default\"><div class=\"n2-ss-layer n2-ow n-uc-Ds6ID2oiOYu7\" data-pm=\"default\" data-sstype=\"content\" data-hasbackground=\"0\"><div class=\"n2-ss-section-main-content n2-ss-layer-with-background n2-ss-layer-content n2-ow n-uc-Ds6ID2oiOYu7-inner\"><div class=\"n2-ss-layer n2-ow n2-ss-layer--block n2-ss-has-self-align n-uc-VNSCgtXV13lq\" data-pm=\"normal\" data-sstype=\"row\"><div class=\"n2-ss-layer-row n2-ss-layer-with-background n-uc-VNSCgtXV13lq-inner\"><div class=\"n2-ss-layer-row-inner\"><div class=\"n2-ss-layer n2-ow n-uc-849cscfNTgqP\" data-pm=\"default\" data-sstype=\"col\"><div class=\"n2-ss-layer-col n2-ss-layer-with-background n2-ss-layer-content n-uc-849cscfNTgqP-inner\"><\/div><\/div><div class=\"n2-ss-layer n2-ow n-uc-tECX9edHScZx\" data-pm=\"default\" data-sstype=\"col\"><div class=\"n2-ss-layer-col n2-ss-layer-with-background n2-ss-layer-content n-uc-tECX9edHScZx-inner\"><\/div><\/div><\/div><\/div><\/div><div class=\"n2-ss-layer n2-ow n2-ss-layer--block n2-ss-has-self-align n-uc-WaAb78FqUdx5\" data-pm=\"normal\" data-sstype=\"row\"><div class=\"n2-ss-layer-row n2-ss-layer-with-background n-uc-WaAb78FqUdx5-inner\"><div class=\"n2-ss-layer-row-inner\"><div class=\"n2-ss-layer n2-ow n-uc-wpn6n3DweOnv\" data-pm=\"default\" data-sstype=\"col\"><div class=\"n2-ss-layer-col n2-ss-layer-with-background n2-ss-layer-content n-uc-wpn6n3DweOnv-inner\"><\/div><\/div><\/div><\/div><\/div><div class=\"n2-ss-layer n2-ow n-uc-5BC2Qr53Houm\" data-pm=\"normal\" data-hidedesktopportrait=\"1\" data-hidemobileportrait=\"1\" data-sstype=\"layer\"><div class=\"n2-ss-item-content n2-ss-text n2-ow-all\"><div class=\"\"><p class=\"n2-font-9998f80e583850283db9e656ed162dd2-paragraph\">La Plataforma de MyRemoteDr<\/p>\n<\/div><\/div><\/div><div class=\"n2-ss-layer n2-ow n-uc-13fe2dfa807d7\" data-pm=\"normal\" data-hidetabletportrait=\"1\" data-hidemobileportrait=\"1\" data-sstype=\"layer\"><div class=\"n2-ss-item-content n2-ss-text n2-ow-all\"><div class=\"\"><p class=\"n2-font-3f11c484629ad711b136d8603dde2230-paragraph\">La Plataforma de MyRemoteDr<\/p>\n<\/div><\/div><\/div><div class=\"n2-ss-layer n2-ow n2-ss-layer--block n2-ss-has-self-align n-uc-arPE9tC9xFhg\" data-pm=\"normal\" data-sstype=\"row\"><div class=\"n2-ss-layer-row n2-ss-layer-with-background n-uc-arPE9tC9xFhg-inner\"><div class=\"n2-ss-layer-row-inner\"><div class=\"n2-ss-layer n2-ow n-uc-aDtqFhO9stDg\" data-pm=\"default\" data-sstype=\"col\"><div class=\"n2-ss-layer-col n2-ss-layer-with-background n2-ss-layer-content n-uc-aDtqFhO9stDg-inner\"><\/div><\/div><div class=\"n2-ss-layer n2-ow n-uc-yes6OJah5oc5\" data-pm=\"default\" data-sstype=\"col\"><div class=\"n2-ss-layer-col n2-ss-layer-with-background n2-ss-layer-content n-uc-yes6OJah5oc5-inner\"><\/div><\/div><\/div><\/div><\/div><div class=\"n2-ss-layer n2-ow n-uc-gyYs8ITx4MeD\" data-pm=\"normal\" data-hidedesktopportrait=\"1\" data-hidetabletportrait=\"1\" data-sstype=\"layer\"><div class=\"n2-ss-item-content n2-ss-text n2-ow-all\"><div class=\"\"><p class=\"n2-font-22e227b44276895e017999007cf897e1-paragraph  n2-style-be4bb1ebda2daa5811c3b70186d27ab9-heading\">La Plataforma de MyRemoteDr<\/p>\n<\/div><\/div><\/div><div class=\"n2-ss-layer n2-ow n-uc-0aSTMwsfnQwS\" data-pm=\"normal\" data-hidedesktopportrait=\"1\" data-hidetabletportrait=\"1\" data-hidemobileportrait=\"1\" data-sstype=\"layer\"><div class=\"n2-ss-item-content n2-ss-text n2-ow-all\"><div class=\"\"><p class=\"n2-font-7240a7e7f8c314bd8daa431824a4d736-paragraph  n2-style-f8293b450b12ef15d5c4ff97a617a3e3-heading\">La Plataforma de MyRemoteDr<\/p>\n<\/div><\/div><\/div><\/div><\/div><\/div><\/div><\/div>                    <\/div>\n\n                                    <\/div>\n            <\/div>\n        <\/div>\n        <\/div><ss3-loader><\/ss3-loader><\/div><\/div><div class=\"n2_clear\"><\/div><\/div><\/ss3-force-full-width><\/div>\n\n\n<div style=\"height:22px\" aria-hidden=\"true\" class=\"wp-block-spacer\"><\/div>\n\n\n\n<div class=\"wp-block-columns is-layout-flex wp-container-core-columns-is-layout-28f84493 wp-block-columns-is-layout-flex\">\n<div class=\"wp-block-column is-layout-flow wp-block-column-is-layout-flow\" style=\"flex-basis:5%\"><\/div>\n\n\n\n<div class=\"wp-block-column is-layout-flow wp-block-column-is-layout-flow\" style=\"flex-basis:90%\">\n<div class=\"wp-block-columns is-layout-flex wp-container-core-columns-is-layout-28f84493 wp-block-columns-is-layout-flex\">\n<div class=\"wp-block-column is-layout-flow wp-block-column-is-layout-flow\" style=\"flex-basis:5%\"><\/div>\n\n\n\n<div class=\"wp-block-column is-layout-flow wp-block-column-is-layout-flow\" style=\"flex-basis:90%\">\n<h1 class=\"wp-block-heading has-text-align-center has-primary-color has-text-color has-link-color wp-elements-62a9504eea5276c7e5a0c23139eeb124\"><strong><strong>Caracter\u00edsticas Clave de Nuestro Monitoreo Inteligente <\/strong><\/strong><\/h1>\n\n\n\n<p><br>La plataforma de RPM y RTM de MyRemoteDr sirve como la base tecnol\u00f3gica para todas nuestras soluciones de salud digital. Dise\u00f1ada para ser segura, escalable y altamente personalizable, impulsa las funciones clave de <strong>soluciones<\/strong> como:<\/p>\n\n\n\n<ul class=\"wp-block-list\">\n<li><strong><a href=\"https:\/\/myremotedr.com\/en\/remote-chronic-care\/\" title=\"Monitoreo de Condiciones Cr\u00f3nicas\">Monitoreo Remoto de Condiciones Cr\u00f3nicas<\/a><\/strong><\/li>\n\n\n\n<li><strong><a href=\"https:\/\/myremotedr.com\/en\/senior-care\/\" title=\"Monitoreo de Personas Mayores\">Monitoreo de Personas Mayores<\/a><\/strong><\/li>\n\n\n\n<li><strong><a href=\"https:\/\/myremotedr.com\/en\/wellness-programs\/\" title=\"Programas de Bienestar\">Programas de Bienestar<\/a><\/strong><\/li>\n\n\n\n<li><strong><a href=\"https:\/\/myremotedr.com\/en\/medical-research\/\" title=\"Investigaci\u00f3n M\u00e9dica\">Investigaci\u00f3n M\u00e9dica<\/a><\/strong><\/li>\n<\/ul>\n\n\n\n<p>Nuestra plataforma es potente, flexible y f\u00e1cil de integrar en los flujos de trabajo cl\u00ednicos. Dise\u00f1ada para apoyar a pacientes, profesionales de la salud y cuidadores, permite una comunicaci\u00f3n proactiva, automatizaci\u00f3n inteligente y acceso a informaci\u00f3n en tiempo real mediante un sistema de monitoreo remoto inteligente y configurable.\n\nLas caracter\u00edsticas clave de nuestra plataforma de monitoreo inteligente incluyen:<\/p>\n\n\n\n<p class=\"has-text-align-center\" style=\"padding-top:0;padding-right:0;padding-bottom:0;padding-left:0\"><\/p>\n<\/div>\n\n\n\n<div class=\"wp-block-column is-layout-flow wp-block-column-is-layout-flow\"><\/div>\n\n\n\n<div class=\"wp-block-column is-layout-flow wp-block-column-is-layout-flow\" style=\"flex-basis:5%\"><\/div>\n<\/div>\n<\/div>\n\n\n\n<div class=\"wp-block-column is-layout-flow wp-block-column-is-layout-flow\" style=\"flex-basis:5%\"><\/div>\n<\/div>\n\n\n\n<div class=\"wp-block-group alignfull has-white-background-color has-background has-global-padding is-layout-constrained wp-block-group-is-layout-constrained\" style=\"border-style:none;border-width:0px;padding-top:0;padding-bottom:0\">\n<div class=\"wp-block-columns is-layout-flex wp-container-core-columns-is-layout-28f84493 wp-block-columns-is-layout-flex\">\n<div class=\"wp-block-column has-border-color has-background is-layout-flow wp-block-column-is-layout-flow\" style=\"border-color:#0191c8;border-width:1px;background-color:#fbfcffe3;padding-top:30px;padding-right:30px;padding-bottom:30px;padding-left:30px\">\n<figure class=\"wp-block-image size-full\"><img fetchpriority=\"high\" decoding=\"async\" width=\"540\" height=\"308\" src=\"\/wp-content\/uploads\/2025\/10\/DispositivosInteligentesGrupo.png\" alt=\"\" class=\"wp-image-3212\" style=\"aspect-ratio:16\/9;object-fit:cover\" srcset=\"\/wp-content\/uploads\/2025\/10\/DispositivosInteligentesGrupo.png 540w, \/wp-content\/uploads\/2025\/10\/DispositivosInteligentesGrupo-300x171.png 300w, \/wp-content\/uploads\/2025\/10\/DispositivosInteligentesGrupo-18x10.png 18w\" sizes=\"(max-width: 540px) 100vw, 540px\" \/><\/figure>\n\n\n\n<h3 class=\"wp-block-heading has-text-color has-link-color wp-elements-05fe035b0d375fde5301cb22e249ce22\" style=\"color:#0191c8\"><strong>Monitoreo Remoto de Pacientes por medio de  Dispositivos Inteligentes<\/strong><\/h3>\n\n\n\n<p><strong>Empoderamos a los pacientes cada d\u00eda<\/strong>.<\/p>\n\n\n\n<p>Dispositivos de uso dom\u00e9stico, sencillos y seguros, permiten mantener la conexi\u00f3n entre pacientes y profesionales de la salud a trav\u00e9s de un monitoreo constante, alertas oportunas e informaci\u00f3n \u00fatil que impulsa h\u00e1bitos m\u00e1s saludables.<\/p>\n<\/div>\n\n\n\n<div class=\"wp-block-column has-border-color has-background is-layout-flow wp-block-column-is-layout-flow\" style=\"border-color:#0191c8;border-width:1px;background-color:#fbfcffe3;padding-top:30px;padding-right:30px;padding-bottom:30px;padding-left:30px\">\n<figure class=\"wp-block-image size-full\"><img decoding=\"async\" width=\"745\" height=\"425\" src=\"\/wp-content\/uploads\/2025\/09\/reminder-2.jpg\" alt=\"\" class=\"wp-image-2960\" style=\"aspect-ratio:16\/9;object-fit:cover\" srcset=\"\/wp-content\/uploads\/2025\/09\/reminder-2.jpg 745w, \/wp-content\/uploads\/2025\/09\/reminder-2-300x171.jpg 300w, \/wp-content\/uploads\/2025\/09\/reminder-2-18x10.jpg 18w\" sizes=\"(max-width: 745px) 100vw, 745px\" \/><\/figure>\n\n\n\n<h3 class=\"wp-block-heading has-text-color has-link-color wp-elements-99a894b4d11012d7f2a84052daeee5dc\" style=\"color:#0191c8\"><strong> <strong>Cuestionarios Inteligentes para Pacientes<\/strong><\/strong><\/h3>\n\n\n\n<p><strong>Seguimiento Automatizado<\/strong>.<\/p>\n\n\n\n<p>Si el sistema detecta tendencias anormales en el monitoreo, env\u00eda al paciente un cuestionario inteligente en l\u00ednea por correo electr\u00f3nico. Este cuestionario recopila datos subjetivos cl\u00ednicamente relevantes que complementan las tendencias de sus signos vitales.<\/p>\n<\/div>\n<\/div>\n\n\n\n<div class=\"wp-block-columns is-layout-flex wp-container-core-columns-is-layout-7db7aa3e wp-block-columns-is-layout-flex\" style=\"padding-right:0;padding-left:0\">\n<div class=\"wp-block-column is-vertically-aligned-center is-layout-flow wp-block-column-is-layout-flow\">\n<div class=\"wp-block-columns are-vertically-aligned-top is-layout-flex wp-container-core-columns-is-layout-7db7aa3e wp-block-columns-is-layout-flex\" style=\"padding-right:0;padding-left:0\">\n<div class=\"wp-block-column is-vertically-aligned-top is-layout-flow wp-block-column-is-layout-flow\">\n<div class=\"wp-block-columns are-vertically-aligned-top is-layout-flex wp-container-core-columns-is-layout-28f84493 wp-block-columns-is-layout-flex\">\n<div class=\"wp-block-column has-border-color has-background is-layout-flow wp-block-column-is-layout-flow\" style=\"border-color:#0191c8;border-width:1px;background-color:#fbfcffe3;padding-top:30px;padding-right:30px;padding-bottom:30px;padding-left:30px\">\n<figure class=\"wp-block-image size-full has-custom-border wp-duotone-unset-1\" style=\"margin-top:0;margin-right:0;margin-bottom:0;margin-left:0\"><img decoding=\"async\" width=\"745\" height=\"425\" src=\"\/wp-content\/uploads\/2025\/09\/white-patient-1.jpg\" alt=\"\" class=\"wp-image-2963\" style=\"border-style:none;border-width:0px;border-radius:0px;aspect-ratio:16\/9;object-fit:cover\" srcset=\"\/wp-content\/uploads\/2025\/09\/white-patient-1.jpg 745w, \/wp-content\/uploads\/2025\/09\/white-patient-1-300x171.jpg 300w, \/wp-content\/uploads\/2025\/09\/white-patient-1-18x10.jpg 18w\" sizes=\"(max-width: 745px) 100vw, 745px\" \/><\/figure>\n\n\n\n<h3 class=\"wp-block-heading has-text-color has-link-color wp-elements-ea670b46ac3521b5491cd521f2d2a220\" style=\"color:#0191c8\"><strong>Recordatorios Oportunos para Pacientes<\/strong><\/h3>\n\n\n\n<p><strong>Fomenta la constancia en las rutinas de cuidado<\/strong>.<\/p>\n\n\n\n<p>Los pacientes reciben <strong>recordatorios autom\u00e1ticos por SMS y\/o correo electr\u00f3nico<\/strong> para realizar sus mediciones, mejorando la adherencia al tratamiento y manteni\u00e9ndolos comprometidos con su propio cuidado de la salud.<\/p>\n<\/div>\n\n\n\n<div class=\"wp-block-column has-border-color has-background is-layout-flow wp-block-column-is-layout-flow\" style=\"border-color:#0191c8;border-width:1px;background-color:#fbfcffe3;padding-top:30px;padding-right:30px;padding-bottom:30px;padding-left:30px\">\n<figure class=\"wp-block-image size-full\"><img loading=\"lazy\" decoding=\"async\" width=\"745\" height=\"425\" src=\"\/wp-content\/uploads\/2025\/09\/providers_group-1.jpg\" alt=\"\" class=\"wp-image-2965\" style=\"aspect-ratio:16\/9;object-fit:cover\" srcset=\"\/wp-content\/uploads\/2025\/09\/providers_group-1.jpg 745w, \/wp-content\/uploads\/2025\/09\/providers_group-1-300x171.jpg 300w, \/wp-content\/uploads\/2025\/09\/providers_group-1-18x10.jpg 18w\" sizes=\"(max-width: 745px) 100vw, 745px\" \/><\/figure>\n\n\n\n<h3 class=\"wp-block-heading has-text-color has-link-color wp-elements-93eb5958badde0e487afa8bc7361f93d\" style=\"color:#0191c8\"><strong>Reportes &amp; <strong>Alertas Totalmente Personalizables <\/strong>para Profesionales de la Salud<\/strong><\/h3>\n\n\n\n<p><strong>Adaptadas a las necesidades \u00fanicas de cada organizaci\u00f3n.<\/strong><\/p>\n\n\n\n<p>Las alertas e informes pueden personalizarse completamente en cuanto a <strong>contenido, frecuencia y momento<\/strong>asegurando que los profesionales de la salud reciban exactamente lo que necesitan, cuando lo necesitan.<\/p>\n<\/div>\n<\/div>\n<\/div>\n<\/div>\n<\/div>\n<\/div>\n\n\n\n<div class=\"wp-block-columns is-layout-flex wp-container-core-columns-is-layout-28f84493 wp-block-columns-is-layout-flex\">\n<div class=\"wp-block-column has-border-color has-background is-layout-flow wp-block-column-is-layout-flow\" style=\"border-color:#0191c8;border-width:1px;background-color:#fbfcffe3;padding-top:30px;padding-right:30px;padding-bottom:30px;padding-left:30px\">\n<figure class=\"wp-block-image size-full\"><img loading=\"lazy\" decoding=\"async\" width=\"745\" height=\"425\" src=\"\/wp-content\/uploads\/2025\/09\/Caregiver_nurse.jpg\" alt=\"\" class=\"wp-image-2967\" style=\"aspect-ratio:16\/9;object-fit:cover\" srcset=\"\/wp-content\/uploads\/2025\/09\/Caregiver_nurse.jpg 745w, \/wp-content\/uploads\/2025\/09\/Caregiver_nurse-300x171.jpg 300w, \/wp-content\/uploads\/2025\/09\/Caregiver_nurse-18x10.jpg 18w\" sizes=\"(max-width: 745px) 100vw, 745px\" \/><\/figure>\n\n\n\n<h3 class=\"wp-block-heading has-text-color has-link-color wp-elements-cc3b332b457c1f1e170946180cfbc0a9\" style=\"color:#0191c8\"><strong><strong>Alertas Inteligentes para Cuidadores<\/strong><\/strong><\/h3>\n\n\n\n<p><strong><strong>Siempre Informados<\/strong>.<\/strong><\/p>\n\n\n\n<p>Los informes y las alertas mantienen informados en tiempo real a amigos, familiares u otros profesionales de la salud cuando surgen lecturas o tendencias cr\u00edticas, permitiendo una intervenci\u00f3n m\u00e1s r\u00e1pida y mejores resultados.<\/p>\n<\/div>\n\n\n\n<div class=\"wp-block-column has-border-color has-background is-layout-flow wp-block-column-is-layout-flow\" style=\"border-color:#0191c8;border-width:1px;background-color:#fbfcffe3;padding-top:30px;padding-right:30px;padding-bottom:30px;padding-left:30px\">\n<figure class=\"wp-block-image size-full is-resized\"><img loading=\"lazy\" decoding=\"async\" width=\"745\" height=\"424\" src=\"\/wp-content\/uploads\/2025\/09\/ABilling_-1.jpg\" alt=\"\" class=\"wp-image-2969\" style=\"aspect-ratio:16\/9;object-fit:cover;width:498px;height:auto\" srcset=\"\/wp-content\/uploads\/2025\/09\/ABilling_-1.jpg 745w, \/wp-content\/uploads\/2025\/09\/ABilling_-1-300x171.jpg 300w, \/wp-content\/uploads\/2025\/09\/ABilling_-1-18x10.jpg 18w\" sizes=\"(max-width: 745px) 100vw, 745px\" \/><\/figure>\n\n\n\n<h3 class=\"wp-block-heading has-text-color has-link-color wp-elements-d30e166d58fb9db99d51510d30fdc10f\" style=\"color:#0191c8\"><strong><strong>Herramientas de Flujo de Trabajo para Facturaci\u00f3n<\/strong><\/strong><\/h3>\n\n\n\n<p><strong>Ingresos desde el primer paciente.<\/strong><\/p>\n\n\n\n<p>Dado que el monitoreo remoto es reembolsable por aseguradoras y Medicare, nuestro sistema incluye herramientas de control de tiempo e informes que facilitan y agilizan la facturaci\u00f3n y el cobro. Alternativamente, nuestra integraci\u00f3n con servicios externos de facturaci\u00f3n puede automatizar el proceso de facturaci\u00f3n.<\/p>\n<\/div>\n<\/div>\n<\/div>\n\n\n\n<div style=\"height:23px\" aria-hidden=\"true\" class=\"wp-block-spacer\"><\/div>\n\n\n\n<p>&nbsp;<\/p>\n\n\n\n<p><\/p>","protected":false},"excerpt":{"rendered":"<p>Core Features of Our Smart Monitoring The MyRemoteDr RPM and RTM platform serves as the technological foundation for all our digital health solutions. Designed to be secure, scalable, and highly customizable, it powers key solutions such as: Our platform offers powerful, flexible, and easy to integrate into care workflows. Designed to support patients, healthcare providers, &hellip; <\/p>\n<p class=\"link-more\"><a href=\"https:\/\/www.myremotedr.com\/es\/myremotedr-plataforma\/\" class=\"more-link\">Leer m\u00e1s<span class=\"screen-reader-text\"> \u00abMyRemoteDr Platform\u00bb<\/span><\/a><\/p>","protected":false},"author":2,"featured_media":0,"parent":0,"menu_order":0,"comment_status":"closed","ping_status":"closed","template":"page-templates\/full-width-transparent.php","meta":{"_monsterinsights_skip_tracking":false,"_monsterinsights_sitenote_active":false,"_monsterinsights_sitenote_note":"","_monsterinsights_sitenote_category":0,"footnotes":""},"class_list":["post-2177","page","type-page","status-publish","hentry"],"aioseo_notices":[],"_links":{"self":[{"href":"https:\/\/www.myremotedr.com\/es\/wp-json\/wp\/v2\/pages\/2177","targetHints":{"allow":["GET"]}}],"collection":[{"href":"https:\/\/www.myremotedr.com\/es\/wp-json\/wp\/v2\/pages"}],"about":[{"href":"https:\/\/www.myremotedr.com\/es\/wp-json\/wp\/v2\/types\/page"}],"author":[{"embeddable":true,"href":"https:\/\/www.myremotedr.com\/es\/wp-json\/wp\/v2\/users\/2"}],"replies":[{"embeddable":true,"href":"https:\/\/www.myremotedr.com\/es\/wp-json\/wp\/v2\/comments?post=2177"}],"version-history":[{"count":102,"href":"https:\/\/www.myremotedr.com\/es\/wp-json\/wp\/v2\/pages\/2177\/revisions"}],"predecessor-version":[{"id":3213,"href":"https:\/\/www.myremotedr.com\/es\/wp-json\/wp\/v2\/pages\/2177\/revisions\/3213"}],"wp:attachment":[{"href":"https:\/\/www.myremotedr.com\/es\/wp-json\/wp\/v2\/media?parent=2177"}],"curies":[{"name":"wp","href":"https:\/\/api.w.org\/{rel}","templated":true}]}}