{"id":2329,"date":"2025-05-24T00:56:29","date_gmt":"2025-05-24T00:56:29","guid":{"rendered":"https:\/\/home.myremotedr.com\/?page_id=2329"},"modified":"2025-10-11T07:10:20","modified_gmt":"2025-10-11T07:10:20","slug":"monitoreo-remoto-pacientes-dispositivos","status":"publish","type":"page","link":"https:\/\/www.myremotedr.com\/es\/monitoreo-remoto-pacientes-dispositivos\/","title":{"rendered":"Remote Patient Monitoring Devices"},"content":{"rendered":"<div class=\"n2_clear\"><ss3-force-full-width data-overflow-x=\"body\" data-horizontal-selector=\"body\"><div class=\"n2-section-smartslider fitvidsignore  n2_clear\" data-ssid=\"20\"><div id=\"n2-ss-20-align\" class=\"n2-ss-align\"><div class=\"n2-padding\"><div id=\"n2-ss-20\" data-creator=\"Smart Slider 3\" data-responsive=\"fullwidth\" class=\"n2-ss-slider n2-ow n2-has-hover n2notransition\">\n        <div class=\"n2-ss-slider-1 n2_ss__touch_element n2-ow\">\n            <div class=\"n2-ss-slider-2 n2-ow\">\n                                                <div class=\"n2-ss-slider-3 n2-ow\">\n\n                    <div class=\"n2-ss-slide-backgrounds n2-ow-all\"><div class=\"n2-ss-slide-background\" data-public-id=\"1\" data-mode=\"fill\"><div class=\"n2-ss-slide-background-image\" data-blur=\"0\" data-opacity=\"100\" data-x=\"73\" data-y=\"37\" data-alt=\"Devices\" data-title=\"Devices\" style=\"--ss-o-pos-x:73%;--ss-o-pos-y:37%\"><picture class=\"skip-lazy\" data-skip-lazy=\"1\"><img decoding=\"async\" src=\"https:\/\/wpstorage61de536fe5.blob.core.windows.net\/wpblob61de536fe5\/wp-content\/uploads\/2025\/09\/AdobeStock_341739775.jpeg\" alt=\"Dispositivos\" title=\"Dispositivos\" loading=\"lazy\" class=\"skip-lazy\" data-skip-lazy=\"1\"><\/picture><\/div><div data-color=\"RGBA(255,255,255,0)\" style=\"background-color: RGBA(255,255,255,0);\" class=\"n2-ss-slide-background-color\" data-overlay=\"1\"><\/div><\/div><\/div>                    <div class=\"n2-ss-slider-4 n2-ow\">\n                        <svg xmlns=\"http:\/\/www.w3.org\/2000\/svg\" viewbox=\"0 0 1200 450\" data-related-device=\"desktopPortrait\" class=\"n2-ow n2-ss-preserve-size n2-ss-preserve-size--slider n2-ss-slide-limiter\"><\/svg><div data-first=\"1\" data-slide-duration=\"0\" data-id=\"33\" data-slide-public-id=\"1\" data-title=\"Devices\" class=\"n2-ss-slide n2-ow  n2-ss-slide-33\"><div role=\"note\" class=\"n2-ss-slide--focus\" tabindex=\"-1\">Dispositivos<\/div><div class=\"n2-ss-layers-container n2-ss-slide-limiter n2-ow\"><div class=\"n2-ss-layer n2-ow n-uc-IpRg1Jqzl8yX\" data-sstype=\"slide\" data-pm=\"default\"><div class=\"n2-ss-layer n2-ow n-uc-0awpnpSclhjp\" data-pm=\"default\" data-sstype=\"content\" data-hasbackground=\"0\"><div class=\"n2-ss-section-main-content n2-ss-layer-with-background n2-ss-layer-content n2-ow n-uc-0awpnpSclhjp-inner\"><div class=\"n2-ss-layer n2-ow n2-ss-layer--block n2-ss-has-self-align n-uc-eqh4LGzov6Hm\" data-pm=\"normal\" data-sstype=\"row\"><div class=\"n2-ss-layer-row n2-ss-layer-with-background n-uc-eqh4LGzov6Hm-inner\"><div class=\"n2-ss-layer-row-inner\"><div class=\"n2-ss-layer n2-ow n-uc-p1hGWShekoLy\" data-pm=\"default\" data-sstype=\"col\"><div class=\"n2-ss-layer-col n2-ss-layer-with-background n2-ss-layer-content n-uc-p1hGWShekoLy-inner\"><\/div><\/div><div class=\"n2-ss-layer n2-ow n-uc-poz9A7g9xiXp\" data-pm=\"default\" data-sstype=\"col\"><div class=\"n2-ss-layer-col n2-ss-layer-with-background n2-ss-layer-content n-uc-poz9A7g9xiXp-inner\"><\/div><\/div><\/div><\/div><\/div><div class=\"n2-ss-layer n2-ow n2-ss-layer--block n2-ss-has-self-align n-uc-3yRMt2VJci54\" data-pm=\"normal\" data-sstype=\"row\"><div class=\"n2-ss-layer-row n2-ss-layer-with-background n-uc-3yRMt2VJci54-inner\"><div class=\"n2-ss-layer-row-inner\"><div class=\"n2-ss-layer n2-ow n-uc-Ka8dldEuHx2X\" data-pm=\"default\" data-sstype=\"col\"><div class=\"n2-ss-layer-col n2-ss-layer-with-background n2-ss-layer-content n-uc-Ka8dldEuHx2X-inner\"><\/div><\/div><\/div><\/div><\/div><div class=\"n2-ss-layer n2-ow n-uc-Q8qL1IsTV8qU\" data-pm=\"normal\" data-hidedesktopportrait=\"1\" data-hidemobileportrait=\"1\" data-sstype=\"layer\"><div class=\"n2-ss-item-content n2-ss-text n2-ow-all\"><div class=\"\"><p class=\"n2-font-61337d936cdd97d3cb5243fdc36e02a6-paragraph\"> Dispositivos<\/p>\n<\/div><\/div><\/div><div class=\"n2-ss-layer n2-ow n2-ss-layer--block n2-ss-has-self-align n-uc-BYA6mkT3qdgz\" data-pm=\"normal\" data-sstype=\"row\"><div class=\"n2-ss-layer-row n2-ss-layer-with-background n-uc-BYA6mkT3qdgz-inner\"><div class=\"n2-ss-layer-row-inner\"><div class=\"n2-ss-layer n2-ow n-uc-Je08xsIdNzzR\" data-pm=\"default\" data-sstype=\"col\"><div class=\"n2-ss-layer-col n2-ss-layer-with-background n2-ss-layer-content n-uc-Je08xsIdNzzR-inner\"><\/div><\/div><div class=\"n2-ss-layer n2-ow n-uc-DytyBPVK09tF\" data-pm=\"default\" data-sstype=\"col\"><div class=\"n2-ss-layer-col n2-ss-layer-with-background n2-ss-layer-content n-uc-DytyBPVK09tF-inner\"><\/div><\/div><\/div><\/div><\/div><div class=\"n2-ss-layer n2-ow n-uc-W4HiYsAufp0B\" data-pm=\"normal\" data-hidedesktopportrait=\"1\" data-hidetabletportrait=\"1\" data-sstype=\"layer\"><div class=\"n2-ss-item-content n2-ss-text n2-ow-all\"><div class=\"\"><p class=\"n2-font-7b087cab326f92dcf06a04536c4d2912-paragraph  n2-style-d1146332e09567a82e9b23201e6c4e35-heading\"> Dispositivos<\/p>\n<\/div><\/div><\/div><div class=\"n2-ss-layer n2-ow n-uc-x4nZmGIJ9vJd\" data-pm=\"normal\" data-hidetabletportrait=\"1\" data-hidemobileportrait=\"1\" data-sstype=\"layer\"><div class=\"n2-ss-item-content n2-ss-text n2-ow-all\"><div class=\"\"><p class=\"n2-font-fb27c76d98a47a6114ff4b2c92367fed-paragraph  n2-style-f8293b450b12ef15d5c4ff97a617a3e3-heading\"> Dispositivos<\/p>\n<\/div><\/div><\/div><\/div><\/div><\/div><\/div><\/div>                    <\/div>\n\n                                    <\/div>\n            <\/div>\n        <\/div>\n        <\/div><ss3-loader><\/ss3-loader><\/div><\/div><div class=\"n2_clear\"><\/div><\/div><\/ss3-force-full-width><\/div>\n\n\n<div class=\"wp-block-columns is-layout-flex wp-container-core-columns-is-layout-28f84493 wp-block-columns-is-layout-flex\">\n<div class=\"wp-block-column is-layout-flow wp-block-column-is-layout-flow\" style=\"flex-basis:10%\"><\/div>\n\n\n\n<div class=\"wp-block-column is-layout-flow wp-block-column-is-layout-flow\" style=\"flex-basis:80%\">\n<h1 class=\"wp-block-heading has-text-align-center\"><br><strong>Nuestros Dispositivos Inteligentes para el Monitoreo Remoto de Pacientes<\/strong><\/h1>\n\n\n\n<p>En MyRemoteDr ofrecemos dispositivos de Monitoreo Remoto de Pacientes (RPM) confiables y cl\u00ednicamente validados para respaldar una atenci\u00f3n proactiva en el hogar. Nuestra plataforma, conforme con HIPAA, conecta a pacientes y proveedores mediante dispositivos m\u00e9dicos inteligentes como monitores de presi\u00f3n arterial, gluc\u00f3metros, ox\u00edmetros de pulso y m\u00e1s. Estas herramientas permiten un seguimiento en tiempo real y alertas inteligentes, empoderando a m\u00e9dicos y equipos de atenci\u00f3n para manejar de manera m\u00e1s eficaz condiciones cr\u00f3nicas como hipertensi\u00f3n, diabetes y enfermedades cardiovasculares.<\/p>\n\n\n\n<p><strong>Las categor\u00edas de dispositivos que se muestran aqu\u00ed forman parte de nuestra plataforma de Monitoreo Remoto de Pacientes, dise\u00f1ada para la precisi\u00f3n, la conectividad y una atenci\u00f3n centrada en el paciente:<\/strong><\/p>\n\n\n\n<div class=\"wp-block-group alignfull has-white-background-color has-background has-global-padding is-layout-constrained wp-block-group-is-layout-constrained\" style=\"border-style:none;border-width:0px;padding-top:var(--wp--preset--spacing--small);padding-bottom:var(--wp--preset--spacing--small)\">\n<div class=\"wp-block-columns is-layout-flex wp-container-core-columns-is-layout-7db7aa3e wp-block-columns-is-layout-flex\" style=\"padding-right:0;padding-left:0\">\n<div class=\"wp-block-column is-vertically-aligned-center is-layout-flow wp-block-column-is-layout-flow\">\n<div class=\"wp-block-columns are-vertically-aligned-top is-layout-flex wp-container-core-columns-is-layout-7db7aa3e wp-block-columns-is-layout-flex\" style=\"padding-right:0;padding-left:0\">\n<div class=\"wp-block-column is-vertically-aligned-top is-layout-flow wp-block-column-is-layout-flow\">\n<div class=\"wp-block-columns are-vertically-aligned-top is-layout-flex wp-container-core-columns-is-layout-28f84493 wp-block-columns-is-layout-flex\">\n<div class=\"wp-block-column is-style-shadow has-border-color has-background is-layout-flow wp-block-column-is-layout-flow\" style=\"border-color:#0191c8;border-width:1px;background-color:#fbfcffe3;padding-top:30px;padding-right:30px;padding-bottom:30px;padding-left:30px\">\n<figure class=\"wp-block-image size-full\"><img fetchpriority=\"high\" decoding=\"async\" width=\"745\" height=\"426\" src=\"\/wp-content\/uploads\/2025\/09\/Device_BloodPressure.jpg\" alt=\"\" class=\"wp-image-2973\" style=\"aspect-ratio:16\/9;object-fit:cover\" srcset=\"\/wp-content\/uploads\/2025\/09\/Device_BloodPressure.jpg 745w, \/wp-content\/uploads\/2025\/09\/Device_BloodPressure-300x172.jpg 300w, \/wp-content\/uploads\/2025\/09\/Device_BloodPressure-18x10.jpg 18w\" sizes=\"(max-width: 745px) 100vw, 745px\" \/><\/figure>\n\n\n\n<p>Monitores de Presi\u00f3n Arterial<\/p>\n<\/div>\n\n\n\n<div class=\"wp-block-column is-style-shadow has-border-color has-background is-layout-flow wp-block-column-is-layout-flow\" style=\"border-color:#0191c8;border-width:1px;background-color:#fbfcffe3;padding-top:30px;padding-right:30px;padding-bottom:30px;padding-left:30px\">\n<figure class=\"wp-block-image size-full\"><img decoding=\"async\" width=\"745\" height=\"425\" src=\"\/wp-content\/uploads\/2025\/09\/device_scale.jpg\" alt=\"\" class=\"wp-image-2974\" style=\"aspect-ratio:16\/9;object-fit:cover\" srcset=\"\/wp-content\/uploads\/2025\/09\/device_scale.jpg 745w, \/wp-content\/uploads\/2025\/09\/device_scale-300x171.jpg 300w, \/wp-content\/uploads\/2025\/09\/device_scale-18x10.jpg 18w\" sizes=\"(max-width: 745px) 100vw, 745px\" \/><\/figure>\n\n\n\n<p>B\u00e1sculas Digitales de Peso Corporal<\/p>\n<\/div>\n\n\n\n<div class=\"wp-block-column is-style-shadow has-border-color has-background is-layout-flow wp-block-column-is-layout-flow\" style=\"border-color:#0191c8;border-width:1px;background-color:#fbfcffe3;padding-top:30px;padding-right:30px;padding-bottom:30px;padding-left:30px\">\n<figure class=\"wp-block-image size-full\"><img decoding=\"async\" width=\"745\" height=\"424\" src=\"\/wp-content\/uploads\/2025\/09\/device_glucometer.jpg\" alt=\"\" class=\"wp-image-2976\" style=\"aspect-ratio:16\/9;object-fit:cover\" srcset=\"\/wp-content\/uploads\/2025\/09\/device_glucometer.jpg 745w, \/wp-content\/uploads\/2025\/09\/device_glucometer-300x171.jpg 300w, \/wp-content\/uploads\/2025\/09\/device_glucometer-18x10.jpg 18w\" sizes=\"(max-width: 745px) 100vw, 745px\" \/><\/figure>\n\n\n\n<p>Medidores de Glucosa en Sangre<\/p>\n<\/div>\n<\/div>\n<\/div>\n<\/div>\n<\/div>\n<\/div>\n\n\n\n<div class=\"wp-block-columns is-layout-flex wp-container-core-columns-is-layout-7db7aa3e wp-block-columns-is-layout-flex\" style=\"padding-right:0;padding-left:0\">\n<div class=\"wp-block-column is-vertically-aligned-center is-layout-flow wp-block-column-is-layout-flow\">\n<div class=\"wp-block-columns are-vertically-aligned-top is-layout-flex wp-container-core-columns-is-layout-7db7aa3e wp-block-columns-is-layout-flex\" style=\"padding-right:0;padding-left:0\">\n<div class=\"wp-block-column is-vertically-aligned-top is-layout-flow wp-block-column-is-layout-flow\">\n<div class=\"wp-block-columns are-vertically-aligned-top is-layout-flex wp-container-core-columns-is-layout-28f84493 wp-block-columns-is-layout-flex\">\n<div class=\"wp-block-column is-style-shadow has-border-color has-background is-layout-flow wp-block-column-is-layout-flow\" style=\"border-color:#0191c8;border-width:1px;background-color:#fbfcffe3;padding-top:30px;padding-right:30px;padding-bottom:30px;padding-left:30px\">\n<figure class=\"wp-block-image size-full\"><img loading=\"lazy\" decoding=\"async\" width=\"745\" height=\"425\" src=\"\/wp-content\/uploads\/2025\/09\/device_oximeter.jpg\" alt=\"\" class=\"wp-image-2978\" style=\"aspect-ratio:16\/9;object-fit:cover\" srcset=\"\/wp-content\/uploads\/2025\/09\/device_oximeter.jpg 745w, \/wp-content\/uploads\/2025\/09\/device_oximeter-300x171.jpg 300w, \/wp-content\/uploads\/2025\/09\/device_oximeter-18x10.jpg 18w\" sizes=\"(max-width: 745px) 100vw, 745px\" \/><\/figure>\n\n\n\n<p>Ox\u00edmetros de Pulso<\/p>\n<\/div>\n\n\n\n<div class=\"wp-block-column is-style-shadow has-border-color has-background is-layout-flow wp-block-column-is-layout-flow\" style=\"border-color:#0191c8;border-width:1px;background-color:#fbfcffe3;padding-top:30px;padding-right:30px;padding-bottom:30px;padding-left:30px\">\n<figure class=\"wp-block-image size-full\"><img loading=\"lazy\" decoding=\"async\" width=\"745\" height=\"426\" src=\"\/wp-content\/uploads\/2025\/09\/device_peak.jpg\" alt=\"\" class=\"wp-image-2980\" srcset=\"\/wp-content\/uploads\/2025\/09\/device_peak.jpg 745w, \/wp-content\/uploads\/2025\/09\/device_peak-300x172.jpg 300w, \/wp-content\/uploads\/2025\/09\/device_peak-18x10.jpg 18w\" sizes=\"(max-width: 745px) 100vw, 745px\" \/><\/figure>\n\n\n\n<p>Medidores de Flujo Espiratorio M\u00e1ximo<\/p>\n<\/div>\n\n\n\n<div class=\"wp-block-column is-style-shadow has-border-color has-background is-layout-flow wp-block-column-is-layout-flow\" style=\"border-color:#0191c8;border-width:1px;background-color:#fbfcffe3;padding-top:30px;padding-right:30px;padding-bottom:30px;padding-left:30px\">\n<figure class=\"wp-block-image size-full\"><img loading=\"lazy\" decoding=\"async\" width=\"745\" height=\"427\" src=\"\/wp-content\/uploads\/2025\/09\/device-activity.jpg\" alt=\"\" class=\"wp-image-2981\" style=\"aspect-ratio:16\/9;object-fit:cover\" srcset=\"\/wp-content\/uploads\/2025\/09\/device-activity.jpg 745w, \/wp-content\/uploads\/2025\/09\/device-activity-300x172.jpg 300w, \/wp-content\/uploads\/2025\/09\/device-activity-18x10.jpg 18w\" sizes=\"(max-width: 745px) 100vw, 745px\" \/><\/figure>\n\n\n\n<p>Rastreadores de Actividad Port\u00e1tiles<\/p>\n<\/div>\n<\/div>\n<\/div>\n<\/div>\n<\/div>\n<\/div>\n<\/div>\n\n\n\n<p class=\"has-text-align-center has-large-font-size\"><br><\/p>\n<\/div>\n\n\n\n<div class=\"wp-block-column is-layout-flow wp-block-column-is-layout-flow\" style=\"flex-basis:10%\"><\/div>\n<\/div>\n\n\n\n<p><\/p>","protected":false},"excerpt":{"rendered":"<p>Our Smart Devices for Remote Patient Monitoring At MyRemoteDr, we provide reliable and clinically validated Remote Patient Monitoring (RPM) devices to support proactive healthcare at home. Our HIPAA-compliant platform connects patients and providers through smart medical devices such as blood pressure monitors, glucometers, pulse oximeters, and more. These tools enable real-time tracking and intelligent alerts, &hellip; <\/p>\n<p class=\"link-more\"><a href=\"https:\/\/www.myremotedr.com\/es\/monitoreo-remoto-pacientes-dispositivos\/\" class=\"more-link\">Leer m\u00e1s<span class=\"screen-reader-text\"> \u00abRemote Patient Monitoring Devices\u00bb<\/span><\/a><\/p>","protected":false},"author":2,"featured_media":0,"parent":0,"menu_order":0,"comment_status":"closed","ping_status":"closed","template":"page-templates\/full-width-transparent.php","meta":{"_monsterinsights_skip_tracking":false,"_monsterinsights_sitenote_active":false,"_monsterinsights_sitenote_note":"","_monsterinsights_sitenote_category":0,"footnotes":""},"class_list":["post-2329","page","type-page","status-publish","hentry"],"aioseo_notices":[],"_links":{"self":[{"href":"https:\/\/www.myremotedr.com\/es\/wp-json\/wp\/v2\/pages\/2329","targetHints":{"allow":["GET"]}}],"collection":[{"href":"https:\/\/www.myremotedr.com\/es\/wp-json\/wp\/v2\/pages"}],"about":[{"href":"https:\/\/www.myremotedr.com\/es\/wp-json\/wp\/v2\/types\/page"}],"author":[{"embeddable":true,"href":"https:\/\/www.myremotedr.com\/es\/wp-json\/wp\/v2\/users\/2"}],"replies":[{"embeddable":true,"href":"https:\/\/www.myremotedr.com\/es\/wp-json\/wp\/v2\/comments?post=2329"}],"version-history":[{"count":34,"href":"https:\/\/www.myremotedr.com\/es\/wp-json\/wp\/v2\/pages\/2329\/revisions"}],"predecessor-version":[{"id":2982,"href":"https:\/\/www.myremotedr.com\/es\/wp-json\/wp\/v2\/pages\/2329\/revisions\/2982"}],"wp:attachment":[{"href":"https:\/\/www.myremotedr.com\/es\/wp-json\/wp\/v2\/media?parent=2329"}],"curies":[{"name":"wp","href":"https:\/\/api.w.org\/{rel}","templated":true}]}}