{"id":2431,"date":"2025-06-06T16:47:59","date_gmt":"2025-06-06T16:47:59","guid":{"rendered":"https:\/\/home.myremotedr.com\/?page_id=2431"},"modified":"2025-10-02T19:42:17","modified_gmt":"2025-10-02T19:42:17","slug":"solicitar-cotizacion","status":"publish","type":"page","link":"https:\/\/www.myremotedr.com\/es\/solicitar-cotizacion\/","title":{"rendered":"Solicite una Cotizaci\u00f3n"},"content":{"rendered":"<div style=\"height:100px\" aria-hidden=\"true\" class=\"wp-block-spacer\"><\/div>\n\n\n\n<div class=\"wp-block-columns is-layout-flex wp-container-core-columns-is-layout-28f84493 wp-block-columns-is-layout-flex\">\n<div class=\"wp-block-column is-layout-flow wp-block-column-is-layout-flow\" style=\"flex-basis:1%\"><\/div>\n\n\n\n<div class=\"wp-block-column is-layout-flow wp-block-column-is-layout-flow\" style=\"flex-basis:90%\">\n<h1 class=\"wp-block-heading has-text-align-left has-primary-color has-text-color has-link-color wp-elements-dcf2ef5bcd40f33cb42aa6a3a73354c4\">Solicite una Cotizaci\u00f3n<br><strong>Impulse sus Servicios de Salud con Soluciones Personalizadas de Monitoreo Remoto<\/strong><\/h1>\n\n\n\n<h2 class=\"wp-block-heading has-primary-color has-text-color has-link-color wp-elements-6d7d915af09d6a0e25d8c4fa95ccd10b\" style=\"font-size:clamp(14px, 0.875rem + ((1vw - 3.2px) * 0.625), 20px);font-style:normal;font-weight:400\">Solicite hoy una cotizaci\u00f3n personalizada y descubra c\u00f3mo podemos apoyar sus objetivos con informaci\u00f3n en tiempo real y tecnolog\u00eda innovadora.<\/h2>\n\n\n\n<div class=\"wp-block-columns is-layout-flex wp-container-core-columns-is-layout-28f84493 wp-block-columns-is-layout-flex\">\n<div class=\"wp-block-column is-layout-flow wp-block-column-is-layout-flow\" style=\"flex-basis:5%\"><\/div>\n\n\n\n<div class=\"wp-block-column is-layout-flow wp-block-column-is-layout-flow\" style=\"flex-basis:94%\"><div class=\"wpforms-container wpforms-container-full wpforms-block wpforms-block-084bf3a3-d79d-4344-ab7b-f3054f560ae0 wpforms-render-modern\" id=\"wpforms-2434\"><form id=\"wpforms-form-2434\" class=\"wpforms-validate wpforms-form wpforms-ajax-form\" data-formid=\"2434\" method=\"post\" enctype=\"multipart\/form-data\" action=\"\/es\/wp-json\/wp\/v2\/pages\/2431\" data-token=\"d6160abef7da791585728633b41e9cb5\" data-token-time=\"1777392208\" data-trp-original-action=\"\/es\/wp-json\/wp\/v2\/pages\/2431\"><noscript class=\"wpforms-error-noscript\">Por favor, activa JavaScript en tu navegador para completar este formulario.<\/noscript><div class=\"wpforms-hidden\" id=\"wpforms-error-noscript\">Por favor, activa JavaScript en tu navegador para completar este formulario.<\/div><div class=\"wpforms-field-container\"><div id=\"wpforms-2434-field_18-container\" class=\"wpforms-field wpforms-field-checkbox wpforms-list-inline\" data-field-id=\"18\"><fieldset><legend class=\"wpforms-field-label\">Haga clic en uno o m\u00e1s dispositivos inteligentes  para el monitoreo fisiol\u00f3gico remoto:<\/legend><ul id=\"wpforms-2434-field_18\" class=\"wpforms-image-choices wpforms-image-choices-modern\" data-choice-limit=\"6\"><li class=\"choice-1 depth-1 wpforms-image-choices-item\"><label class=\"wpforms-field-label-inline\" for=\"wpforms-2434-field_18_1\" tabindex=\"0\"><span class=\"wpforms-image-choices-image\"><img decoding=\"async\" src=\"\/wp-content\/uploads\/2025\/09\/Device_BloodPressure_FORM.png\" alt=\"Monitores de Presi\u00f3n Arterial\" title=\"Monitores de Presi\u00f3n Arterial\"><\/span><input type=\"checkbox\" id=\"wpforms-2434-field_18_1\" class=\"wpforms-screen-reader-element\" data-rule-check-limit=\"true\" name=\"wpforms[fields][18][]\" value=\"Blood Pressure Monitors\" aria-errormessage=\"wpforms-2434-field_18_1-error\" tabindex=\"-1\"  ><span class=\"wpforms-image-choices-label\">Monitores de Presi\u00f3n Arterial<\/span><\/label><\/li><li class=\"choice-2 depth-1 wpforms-image-choices-item\"><label class=\"wpforms-field-label-inline\" for=\"wpforms-2434-field_18_2\" tabindex=\"0\"><span class=\"wpforms-image-choices-image\"><img decoding=\"async\" src=\"\/wp-content\/uploads\/2025\/09\/device_scale_FORM.png\" alt=\"B\u00e1sculas Digitales de Peso Corporal\" title=\"B\u00e1sculas Digitales de Peso Corporal\"><\/span><input type=\"checkbox\" id=\"wpforms-2434-field_18_2\" class=\"wpforms-screen-reader-element\" data-rule-check-limit=\"true\" name=\"wpforms[fields][18][]\" value=\"Digital Body Weight Scales\" aria-errormessage=\"wpforms-2434-field_18_2-error\" tabindex=\"-1\"  ><span class=\"wpforms-image-choices-label\">B\u00e1sculas Digitales de Peso Corporal<\/span><\/label><\/li><li class=\"choice-3 depth-1 wpforms-image-choices-item\"><label class=\"wpforms-field-label-inline\" for=\"wpforms-2434-field_18_3\" tabindex=\"0\"><span class=\"wpforms-image-choices-image\"><img decoding=\"async\" src=\"\/wp-content\/uploads\/2025\/09\/device_glucometer_FORM.png\" alt=\"Medidores de Glucosa en Sangre\" title=\"Medidores de Glucosa en Sangre\"><\/span><input type=\"checkbox\" id=\"wpforms-2434-field_18_3\" class=\"wpforms-screen-reader-element\" data-rule-check-limit=\"true\" name=\"wpforms[fields][18][]\" value=\"Blood Glucose Meters\" aria-errormessage=\"wpforms-2434-field_18_3-error\" tabindex=\"-1\"  ><span class=\"wpforms-image-choices-label\">Medidores de Glucosa en Sangre<\/span><\/label><\/li><li class=\"choice-4 depth-1 wpforms-image-choices-item\"><label class=\"wpforms-field-label-inline\" for=\"wpforms-2434-field_18_4\" tabindex=\"0\"><span class=\"wpforms-image-choices-image\"><img decoding=\"async\" src=\"\/wp-content\/uploads\/2025\/09\/device_oximeter_FORM.png\" alt=\"Ox\u00edmetros de Pulso\" title=\"Ox\u00edmetros de Pulso\"><\/span><input type=\"checkbox\" id=\"wpforms-2434-field_18_4\" class=\"wpforms-screen-reader-element\" data-rule-check-limit=\"true\" name=\"wpforms[fields][18][]\" value=\"Pulse Oximeters\" aria-errormessage=\"wpforms-2434-field_18_4-error\" tabindex=\"-1\"  ><span class=\"wpforms-image-choices-label\">Ox\u00edmetros de Pulso<\/span><\/label><\/li><li class=\"choice-5 depth-1 wpforms-image-choices-item\"><label class=\"wpforms-field-label-inline\" for=\"wpforms-2434-field_18_5\" tabindex=\"0\"><span class=\"wpforms-image-choices-image\"><img decoding=\"async\" src=\"\/wp-content\/uploads\/2025\/09\/device_peak_FORM.png\" alt=\"Medidores de Flujo Espiratorio M\u00e1ximo\" title=\"Medidores de Flujo Espiratorio M\u00e1ximo\"><\/span><input type=\"checkbox\" id=\"wpforms-2434-field_18_5\" class=\"wpforms-screen-reader-element\" data-rule-check-limit=\"true\" name=\"wpforms[fields][18][]\" value=\"Peak Expiratory Flow Meters\" aria-errormessage=\"wpforms-2434-field_18_5-error\" tabindex=\"-1\"  ><span class=\"wpforms-image-choices-label\">Medidores de Flujo Espiratorio M\u00e1ximo<\/span><\/label><\/li><li class=\"choice-6 depth-1 wpforms-image-choices-item\"><label class=\"wpforms-field-label-inline\" for=\"wpforms-2434-field_18_6\" tabindex=\"0\"><span class=\"wpforms-image-choices-image\"><img decoding=\"async\" src=\"\/wp-content\/uploads\/2025\/09\/device-activity_FORM.png\" alt=\"Rastreadores de Actividad Port\u00e1tiles\" title=\"Rastreadores de Actividad Port\u00e1tiles\"><\/span><input type=\"checkbox\" id=\"wpforms-2434-field_18_6\" class=\"wpforms-screen-reader-element\" data-rule-check-limit=\"true\" name=\"wpforms[fields][18][]\" value=\"Wearable Activity Trackers\" aria-errormessage=\"wpforms-2434-field_18_6-error\" tabindex=\"-1\"  ><span class=\"wpforms-image-choices-label\">Rastreadores de Actividad Port\u00e1tiles<\/span><\/label><\/li><li class=\"choice-7 depth-1 wpforms-image-choices-item\"><label class=\"wpforms-field-label-inline\" for=\"wpforms-2434-field_18_7\" tabindex=\"0\"><span class=\"wpforms-image-choices-image\"><img decoding=\"async\" src=\"\/wp-content\/uploads\/2025\/09\/Other_FORM.png\" alt=\"Otro Dispositivo Inteligente\" title=\"Otro Dispositivo Inteligente\"><\/span><input type=\"checkbox\" id=\"wpforms-2434-field_18_7\" class=\"wpforms-screen-reader-element\" data-rule-check-limit=\"true\" name=\"wpforms[fields][18][]\" value=\"Other Smart Device\" aria-errormessage=\"wpforms-2434-field_18_7-error\" tabindex=\"-1\"  ><span class=\"wpforms-image-choices-label\">Otro Dispositivo Inteligente<\/span><\/label><\/li><\/ul><\/fieldset><\/div><div id=\"wpforms-2434-field_4-container\" class=\"wpforms-field wpforms-field-text\" data-field-id=\"4\"><label class=\"wpforms-field-label\" for=\"wpforms-2434-field_4\">\u00bfQu\u00e9 dispositivo necesita que no aparece en la lista anterior?<\/label><input type=\"text\" id=\"wpforms-2434-field_4\" class=\"wpforms-field-medium\" name=\"wpforms[fields][4]\" aria-errormessage=\"wpforms-2434-field_4-error\" ><\/div><div id=\"wpforms-2434-field_19-container\" class=\"wpforms-field wpforms-field-radio\" data-field-id=\"19\"><fieldset><legend class=\"wpforms-field-label\">Le gustaria incluir cuestionarios inteligentes para el monitoreo del paciente? <\/legend><ul id=\"wpforms-2434-field_19\"><li class=\"choice-1 depth-1\"><input type=\"radio\" id=\"wpforms-2434-field_19_1\" name=\"wpforms[fields][19]\" value=\"Yes, I\u2019m interested\" aria-errormessage=\"wpforms-2434-field_19_1-error\" aria-describedby=\"wpforms-2434-field_19-description\"  ><label class=\"wpforms-field-label-inline\" for=\"wpforms-2434-field_19_1\">Si, por favor<\/label><\/li><li class=\"choice-2 depth-1\"><input type=\"radio\" id=\"wpforms-2434-field_19_2\" name=\"wpforms[fields][19]\" value=\"Not at the moment\" aria-errormessage=\"wpforms-2434-field_19_2-error\" aria-describedby=\"wpforms-2434-field_19-description\"  ><label class=\"wpforms-field-label-inline\" for=\"wpforms-2434-field_19_2\">No, gracias<\/label><\/li><li class=\"choice-3 depth-1\"><input type=\"radio\" id=\"wpforms-2434-field_19_3\" name=\"wpforms[fields][19]\" value=\"I\u2019d like to learn more about it\" aria-errormessage=\"wpforms-2434-field_19_3-error\" aria-describedby=\"wpforms-2434-field_19-description\"  ><label class=\"wpforms-field-label-inline\" for=\"wpforms-2434-field_19_3\">Me gustar\u00eda conocer m\u00e1s del tema<\/label><\/li><\/ul><div id=\"wpforms-2434-field_19-description\" class=\"wpforms-field-description\">Estos Cuestionarios Inteligentes de Monitoreo pueden enviarse autom\u00e1ticamente de forma peri\u00f3dica al paciente, cuando se detectan valores o tendencias espec\u00edficas en las lecturas de sus dispositivos inteligentes.<\/div><\/fieldset><\/div><div id=\"wpforms-2434-field_14-container\" class=\"wpforms-field wpforms-field-textarea\" data-field-id=\"14\"><label class=\"wpforms-field-label\" for=\"wpforms-2434-field_14\">Cu\u00e9ntenos sobre su organizaci\u00f3n<\/label><textarea id=\"wpforms-2434-field_14\" class=\"wpforms-field-medium\" name=\"wpforms[fields][14]\" aria-errormessage=\"wpforms-2434-field_14-error\" ><\/textarea><\/div><div id=\"wpforms-2434-field_12-container\" class=\"wpforms-field wpforms-field-name\" data-field-id=\"12\"><fieldset><legend class=\"wpforms-field-label\">Nombre del Contacto <span class=\"wpforms-required-label\" aria-hidden=\"true\">*<\/span><\/legend><div class=\"wpforms-field-row wpforms-field-medium\"><div class=\"wpforms-field-row-block wpforms-first wpforms-one-half\"><input type=\"text\" id=\"wpforms-2434-field_12\" class=\"wpforms-field-name-first wpforms-field-required\" name=\"wpforms[fields][12][first]\" aria-errormessage=\"wpforms-2434-field_12-error\" required><label for=\"wpforms-2434-field_12\" class=\"wpforms-field-sublabel after\">Nombre<\/label><\/div><div class=\"wpforms-field-row-block wpforms-one-half\"><input type=\"text\" id=\"wpforms-2434-field_12-last\" class=\"wpforms-field-name-last wpforms-field-required\" name=\"wpforms[fields][12][last]\" aria-errormessage=\"wpforms-2434-field_12-last-error\" required><label for=\"wpforms-2434-field_12-last\" class=\"wpforms-field-sublabel after\">Apellidos<\/label><\/div><\/div><\/fieldset><\/div><div id=\"wpforms-2434-field_11-container\" class=\"wpforms-field wpforms-field-email\" data-field-id=\"11\"><label class=\"wpforms-field-label\" for=\"wpforms-2434-field_11\">Correo Electr\u00f3nico <span class=\"wpforms-required-label\" aria-hidden=\"true\">*<\/span><\/label><input type=\"email\" id=\"wpforms-2434-field_11\" class=\"wpforms-field-medium wpforms-field-required\" name=\"wpforms[fields][11]\" spellcheck=\"false\" aria-errormessage=\"wpforms-2434-field_11-error\" required><\/div><\/div><!-- .wpforms-field-container --><div class=\"wpforms-submit-container\" ><input type=\"hidden\" name=\"wpforms[id]\" value=\"2434\"><input type=\"hidden\" name=\"page_title\" value=\"\"><input type=\"hidden\" name=\"page_url\" value=\"https:\/\/www.myremotedr.com\/es\/wp-json\/wp\/v2\/pages\/2431\"><input type=\"hidden\" name=\"url_referer\" value=\"\"><button type=\"submit\" name=\"wpforms[submit]\" id=\"wpforms-submit-2434\" class=\"wpforms-submit\" data-alt-text=\"Sending...\" data-submit-text=\"Submit Request\" aria-live=\"assertive\" value=\"wpforms-submit\">Enviar Solicitud<\/button><img decoding=\"async\" src=\"\/wp-content\/plugins\/wpforms-lite\/assets\/images\/submit-spin.svg\" class=\"wpforms-submit-spinner\" style=\"display: none;\" width=\"26\" height=\"26\" alt=\"Cargando\"><\/div><input type=\"hidden\" name=\"trp-form-language\" value=\"es\"\/><\/form><\/div>  <!-- .wpforms-container --><\/div>\n\n\n\n<div class=\"wp-block-column is-layout-flow wp-block-column-is-layout-flow\" style=\"flex-basis:1%\"><\/div>\n<\/div>\n<\/div>\n\n\n\n<div class=\"wp-block-column is-layout-flow wp-block-column-is-layout-flow\"><\/div>\n\n\n\n<div class=\"wp-block-column is-layout-flow wp-block-column-is-layout-flow\" style=\"flex-basis:5%\"><\/div>\n<\/div>","protected":false},"excerpt":{"rendered":"<p>Request a QuoteEmpower Your Healthcare Services with Tailored Remote Monitoring Solutions Request a personalized quote today to discover how we can support your goals with real-time data insights and innovative technology.<\/p>","protected":false},"author":1,"featured_media":0,"parent":0,"menu_order":0,"comment_status":"closed","ping_status":"closed","template":"page-templates\/no-title.php","meta":{"_monsterinsights_skip_tracking":false,"_monsterinsights_sitenote_active":false,"_monsterinsights_sitenote_note":"","_monsterinsights_sitenote_category":0,"footnotes":""},"class_list":["post-2431","page","type-page","status-publish","hentry"],"aioseo_notices":[],"_links":{"self":[{"href":"https:\/\/www.myremotedr.com\/es\/wp-json\/wp\/v2\/pages\/2431","targetHints":{"allow":["GET"]}}],"collection":[{"href":"https:\/\/www.myremotedr.com\/es\/wp-json\/wp\/v2\/pages"}],"about":[{"href":"https:\/\/www.myremotedr.com\/es\/wp-json\/wp\/v2\/types\/page"}],"author":[{"embeddable":true,"href":"https:\/\/www.myremotedr.com\/es\/wp-json\/wp\/v2\/users\/1"}],"replies":[{"embeddable":true,"href":"https:\/\/www.myremotedr.com\/es\/wp-json\/wp\/v2\/comments?post=2431"}],"version-history":[{"count":30,"href":"https:\/\/www.myremotedr.com\/es\/wp-json\/wp\/v2\/pages\/2431\/revisions"}],"predecessor-version":[{"id":3158,"href":"https:\/\/www.myremotedr.com\/es\/wp-json\/wp\/v2\/pages\/2431\/revisions\/3158"}],"wp:attachment":[{"href":"https:\/\/www.myremotedr.com\/es\/wp-json\/wp\/v2\/media?parent=2431"}],"curies":[{"name":"wp","href":"https:\/\/api.w.org\/{rel}","templated":true}]}}