{"id":576,"date":"2025-04-04T20:31:32","date_gmt":"2025-04-04T20:31:32","guid":{"rendered":"https:\/\/mrdwebsite-dxgugwf3hpd6fpef.eastus2-01.azurewebsites.net\/?page_id=576"},"modified":"2026-04-15T01:53:02","modified_gmt":"2026-04-15T01:53:02","slug":"cuidado-remoto-condiciones-cronicas","status":"publish","type":"page","link":"https:\/\/www.myremotedr.com\/es\/cuidado-remoto-condiciones-cronicas\/","title":{"rendered":"Monitoreo de Condiciones Cr\u00f3nicas"},"content":{"rendered":"<div class=\"n2_clear\"><ss3-force-full-width data-overflow-x=\"body\" data-horizontal-selector=\"body\"><div class=\"n2-section-smartslider fitvidsignore  n2_clear\" data-ssid=\"12\"><div id=\"n2-ss-12-align\" class=\"n2-ss-align\"><div class=\"n2-padding\"><div id=\"n2-ss-12\" data-creator=\"Smart Slider 3\" data-responsive=\"fullwidth\" class=\"n2-ss-slider n2-ow n2-has-hover n2notransition\">\n        <div class=\"n2-ss-slider-1 n2_ss__touch_element n2-ow\">\n            <div class=\"n2-ss-slider-2 n2-ow\">\n                                                <div class=\"n2-ss-slider-3 n2-ow\">\n\n                    <div class=\"n2-ss-slide-backgrounds n2-ow-all\"><div class=\"n2-ss-slide-background\" data-public-id=\"1\" data-mode=\"fill\"><div class=\"n2-ss-slide-background-image\" data-blur=\"0\" data-opacity=\"100\" data-x=\"50\" data-y=\"9\" data-alt=\"Monitoring Chronic Conditions\" data-title=\"Monitoring Chronic Conditions\" style=\"--ss-o-pos-y:9%\"><picture class=\"skip-lazy\" data-skip-lazy=\"1\"><img decoding=\"async\" src=\"https:\/\/wpstorage61de536fe5.blob.core.windows.net\/wpblob61de536fe5\/wp-content\/uploads\/2025\/09\/Provider_MRD_page-1.jpg\" alt=\"Monitoring Chronic Conditions\" title=\"Monitoring Chronic Conditions\" loading=\"lazy\" class=\"skip-lazy\" data-skip-lazy=\"1\"><\/picture><\/div><div data-color=\"RGBA(255,255,255,0)\" style=\"background-color: RGBA(255,255,255,0);\" class=\"n2-ss-slide-background-color\"><\/div><\/div><\/div>                    <div class=\"n2-ss-slider-4 n2-ow\">\n                        <svg xmlns=\"http:\/\/www.w3.org\/2000\/svg\" viewbox=\"0 0 1200 450\" data-related-device=\"desktopPortrait\" class=\"n2-ow n2-ss-preserve-size n2-ss-preserve-size--slider n2-ss-slide-limiter\"><\/svg><div data-first=\"1\" data-slide-duration=\"0\" data-id=\"21\" data-slide-public-id=\"1\" data-title=\"Monitoring for Chronic Conditions\" class=\"n2-ss-slide n2-ow  n2-ss-slide-21\"><div role=\"note\" class=\"n2-ss-slide--focus\" tabindex=\"-1\">Monitoreo de Condiciones Cr\u00f3nicas<\/div><div class=\"n2-ss-layers-container n2-ss-slide-limiter n2-ow\"><div class=\"n2-ss-layer n2-ow n-uc-jFJbIuIXHkQF\" data-sstype=\"slide\" data-pm=\"default\"><div class=\"n2-ss-layer n2-ow n-uc-lOyDbBZd8PIg\" data-pm=\"default\" data-sstype=\"content\" data-hasbackground=\"0\"><div class=\"n2-ss-section-main-content n2-ss-layer-with-background n2-ss-layer-content n2-ow n-uc-lOyDbBZd8PIg-inner\"><div class=\"n2-ss-layer n2-ow n-uc-8cvJZTmYZrhU\" data-pm=\"normal\" data-hidedesktopportrait=\"1\" data-hidemobileportrait=\"1\" data-sstype=\"layer\"><div id=\"n2-ss-12item1\" class=\"n2-font-f8cff4f8150f6af3cbf41ed027494ce3-hover   n2-ss-item-content n2-ss-text n2-ow\" style=\"display:block;\">Monitoreo de Condiciones Cr\u00f3nicas<\/div><\/div><div class=\"n2-ss-layer n2-ow n2-ss-layer--block n2-ss-has-self-align n-uc-1cb86a9bf0132\" data-pm=\"normal\" data-sstype=\"row\"><div class=\"n2-ss-layer-row n2-ss-layer-with-background n-uc-1cb86a9bf0132-inner\"><div class=\"n2-ss-layer-row-inner\"><div class=\"n2-ss-layer n2-ow n-uc-151dea0d3d4fc\" data-pm=\"default\" data-sstype=\"col\"><div class=\"n2-ss-layer-col n2-ss-layer-with-background n2-ss-layer-content n-uc-151dea0d3d4fc-inner\"><div class=\"n2-ss-layer n2-ow n-uc-1b81ee2448d4c\" data-pm=\"normal\" data-hidetabletportrait=\"1\" data-hidemobileportrait=\"1\" data-sstype=\"layer\"><div class=\"n2-ss-item-content n2-ss-text n2-ow-all\"><div class=\"\"><p class=\"n2-font-d6aba742f287fc715d49fda5548d9cd5-paragraph  n2-style-f8293b450b12ef15d5c4ff97a617a3e3-heading\">Monitoreo de Condiciones Cr\u00f3nicas<\/p>\n<\/div><\/div><\/div><\/div><\/div><div class=\"n2-ss-layer n2-ow n-uc-1cb8d24449a24\" data-pm=\"default\" data-sstype=\"col\"><div class=\"n2-ss-layer-col n2-ss-layer-with-background n2-ss-layer-content n-uc-1cb8d24449a24-inner\"><\/div><\/div><\/div><\/div><\/div><div class=\"n2-ss-layer n2-ow n2-ss-layer--block n2-ss-has-self-align n-uc-J3izZl0TNlE8\" data-pm=\"normal\" data-sstype=\"row\"><div class=\"n2-ss-layer-row n2-ss-layer-with-background n-uc-J3izZl0TNlE8-inner\"><div class=\"n2-ss-layer-row-inner\"><div class=\"n2-ss-layer n2-ow n-uc-b0T7QNOa6Gfg\" data-pm=\"default\" data-sstype=\"col\"><div class=\"n2-ss-layer-col n2-ss-layer-with-background n2-ss-layer-content n-uc-b0T7QNOa6Gfg-inner\"><\/div><\/div><\/div><\/div><\/div><div class=\"n2-ss-layer n2-ow n2-ss-layer--block n2-ss-has-self-align n-uc-SckFAaQkmIvi\" data-pm=\"normal\" data-hidedesktopportrait=\"1\" data-hidemobileportrait=\"1\" data-sstype=\"row\"><div class=\"n2-ss-layer-row n2-ss-layer-with-background n-uc-SckFAaQkmIvi-inner\"><div class=\"n2-ss-layer-row-inner\"><div class=\"n2-ss-layer n2-ow n-uc-tMndYscfLH22\" data-pm=\"default\" data-sstype=\"col\"><div class=\"n2-ss-layer-col n2-ss-layer-with-background n2-ss-layer-content n-uc-tMndYscfLH22-inner\"><\/div><\/div><div class=\"n2-ss-layer n2-ow n-uc-eBz2gOyN14P1\" data-pm=\"default\" data-sstype=\"col\"><div class=\"n2-ss-layer-col n2-ss-layer-with-background n2-ss-layer-content n-uc-eBz2gOyN14P1-inner\"><\/div><\/div><\/div><\/div><\/div><div class=\"n2-ss-layer n2-ow n-uc-il4uGGezj2DJ\" data-pm=\"normal\" data-hidedesktopportrait=\"1\" data-hidetabletportrait=\"1\" data-sstype=\"layer\"><div class=\"n2-ss-item-content n2-ss-text n2-ow-all\"><div class=\"\"><p class=\"n2-font-22e227b44276895e017999007cf897e1-paragraph  n2-style-be4bb1ebda2daa5811c3b70186d27ab9-heading\">  Monitoreo de Condiciones Cr\u00f3nicas<\/p>\n<\/div><\/div><\/div><\/div><\/div><\/div><\/div><\/div>                    <\/div>\n\n                                    <\/div>\n            <\/div>\n        <\/div>\n        <\/div><ss3-loader><\/ss3-loader><\/div><\/div><div class=\"n2_clear\"><\/div><\/div><\/ss3-force-full-width><\/div>\n\n\n<div id=\"services\" class=\"wp-block-group pattern_multiple_covers has-global-padding is-layout-constrained wp-block-group-is-layout-constrained\">\n<h1 class=\"wp-block-heading has-text-align-center has-primary-color has-text-color has-link-color wp-elements-b4e569c01af4fd9ac77e4db786ef96c3\"><br><strong> Monitoreo Remoto de Condiciones Cr\u00f3nicas<\/strong><\/h1>\n\n\n\n<p class=\"has-text-align-left\">MyRemoteDr permite a los profesionales de la salud ampliar su alcance de manera transformadora sin necesidad de personal adicional. Nuestro sistema se integra con hospitales, consultorios m\u00e9dicos independientes y flujos de trabajo de planes de salud, ofreciendo soluciones personalizadas para el monitoreo remoto, el manejo de enfermedades cr\u00f3nicas y los programas de seguimiento de pacientes.<\/p>\n\n\n\n<p class=\"has-text-align-left\">Trabajamos directamente con los equipos de salud para implementar soluciones escalables que se adapten a las necesidades \u00fanicas de sus organizaciones y sistemas de atenci\u00f3n m\u00e9dica.<\/p>\n<\/div>\n\n\n\n<div class=\"wp-block-group has-global-padding is-layout-constrained wp-block-group-is-layout-constrained\">\n<div class=\"wp-block-group is-layout-flow wp-block-group-is-layout-flow\">\n<div class=\"wp-block-columns is-layout-flex wp-container-core-columns-is-layout-28f84493 wp-block-columns-is-layout-flex\">\n<div class=\"wp-block-column is-style-shadow has-border-color has-background is-layout-flow wp-block-column-is-layout-flow\" style=\"border-color:#0191c8;border-width:1px;background-color:#d9d9d93b;padding-top:30px;padding-right:30px;padding-bottom:30px;padding-left:30px\">\n<div class=\"wp-block-columns is-layout-flex wp-container-core-columns-is-layout-28f84493 wp-block-columns-is-layout-flex\">\n<div class=\"wp-block-column is-layout-flow wp-block-column-is-layout-flow\" style=\"flex-basis:100%\">\n<div class=\"wp-block-group is-nowrap is-layout-flex wp-container-core-group-is-layout-6c531013 wp-block-group-is-layout-flex\">\n<div class=\"wp-block-group has-global-padding is-layout-constrained wp-block-group-is-layout-constrained\">\n<div class=\"wp-block-group has-global-padding is-layout-constrained wp-block-group-is-layout-constrained\">\n<div class=\"wp-block-columns are-vertically-aligned-center is-layout-flex wp-container-core-columns-is-layout-28f84493 wp-block-columns-is-layout-flex\">\n<div class=\"wp-block-column is-vertically-aligned-center is-layout-flow wp-block-column-is-layout-flow\" style=\"flex-basis:386px\">\n<div class=\"wp-block-columns alignwide is-layout-flex wp-container-core-columns-is-layout-28f84493 wp-block-columns-is-layout-flex\">\n<div class=\"wp-block-column is-layout-flow wp-block-column-is-layout-flow\" style=\"flex-basis:15%\">\n<span class=\"fa fa-rss\" style=\"color:#0191c8;font-size:40px\"><\/span>\n<\/div>\n\n\n\n<div class=\"wp-block-column is-layout-flow wp-block-column-is-layout-flow\" style=\"flex-basis:85%\">\n<h3 class=\"wp-block-heading has-text-color has-link-color wp-elements-85a8d080a0a823f9fcb37675b8affba2\" style=\"color:#141414\">Monitoreo Remoto Fisiol\u00f3gico (RPM)<\/h3>\n<\/div>\n<\/div>\n<\/div>\n<\/div>\n<\/div>\n<\/div>\n<\/div>\n<\/div>\n<\/div>\n\n\n\n<figure class=\"wp-block-image aligncenter size-full is-resized has-custom-border wp-duotone-unset-1\"><img fetchpriority=\"high\" decoding=\"async\" width=\"558\" height=\"480\" src=\"\/wp-content\/uploads\/2025\/09\/devices-spanish.png\" alt=\"\" class=\"wp-image-2983\" style=\"border-radius:47px;width:368px;height:auto\" srcset=\"\/wp-content\/uploads\/2025\/09\/devices-spanish.png 558w, \/wp-content\/uploads\/2025\/09\/devices-spanish-300x258.png 300w, \/wp-content\/uploads\/2025\/09\/devices-spanish-14x12.png 14w\" sizes=\"(max-width: 558px) 100vw, 558px\" \/><\/figure>\n\n\n\n<p>Obtenga informaci\u00f3n de salud procesable a partir de dispositivos m\u00e9dicos conectados a la web, como monitores de presi\u00f3n arterial, medidores de glucosa, rastreadores de actividad y b\u00e1sculas.<strong> Los servicios de RPM son reembolsables por Medicare y pueden estar cubiertos por otros seguros.<\/strong><\/p>\n<\/div>\n\n\n\n<div class=\"wp-block-column is-style-shadow has-border-color has-background is-layout-flow wp-block-column-is-layout-flow\" style=\"border-color:#0191c8;border-width:1px;background-color:#d9d9d94d;padding-top:30px;padding-right:30px;padding-bottom:30px;padding-left:30px\">\n<div class=\"wp-block-columns are-vertically-aligned-center is-layout-flex wp-container-core-columns-is-layout-28f84493 wp-block-columns-is-layout-flex\">\n<div class=\"wp-block-column is-vertically-aligned-center is-layout-flow wp-block-column-is-layout-flow\" style=\"flex-basis:386px\">\n<div class=\"wp-block-columns alignwide is-layout-flex wp-container-core-columns-is-layout-28f84493 wp-block-columns-is-layout-flex\">\n<div class=\"wp-block-column is-layout-flow wp-block-column-is-layout-flow\" style=\"flex-basis:15%\">\n<span class=\"fas fa-mobile-alt\" style=\"color:#0191c8;font-size:52px\"><\/span>\n<\/div>\n\n\n\n<div class=\"wp-block-column is-layout-flow wp-block-column-is-layout-flow\" style=\"flex-basis:85%\">\n<h3 class=\"wp-block-heading has-text-color has-link-color wp-elements-3864b31a2c98cd7d4d37a69a4a7621e2\" style=\"color:#141414\">Monitoreo Remoto Terap\u00e9utico (RTM)<\/h3>\n<\/div>\n<\/div>\n<\/div>\n<\/div>\n\n\n\n<figure class=\"wp-block-image aligncenter size-full is-resized\"><img decoding=\"async\" width=\"554\" height=\"480\" src=\"\/wp-content\/uploads\/2025\/09\/monitoring_quest_spanish.png\" alt=\"\" class=\"wp-image-2985\" style=\"width:365px;height:auto\" srcset=\"\/wp-content\/uploads\/2025\/09\/monitoring_quest_spanish.png 554w, \/wp-content\/uploads\/2025\/09\/monitoring_quest_spanish-300x260.png 300w, \/wp-content\/uploads\/2025\/09\/monitoring_quest_spanish-14x12.png 14w\" sizes=\"(max-width: 554px) 100vw, 554px\" \/><\/figure>\n\n\n\n<p>Interact\u00fae de manera inteligente o \u201cinvolucre\u201d a los pacientes en sus tel\u00e9fonos m\u00f3viles, tabletas o computadoras a trav\u00e9s de la <strong>cuestionarios inteligentes en l\u00ednea del sistema<\/strong>, los cuales est\u00e1n dise\u00f1ados para recopilar informaci\u00f3n subjetiva y objetiva sobre su condici\u00f3n o comportamiento \u2014como nivel de dolor, adherencia a la medicaci\u00f3n o terapia, depresi\u00f3n y s\u00edntomas de asma. Seg\u00fan el diagn\u00f3stico, <strong>Los servicios de RTM (Monitoreo Remoto Terap\u00e9utico) pueden ser reembolsables por Medicare y otros seguros.<\/strong><\/p>\n<\/div>\n<\/div>\n<\/div>\n\n\n\n<div style=\"height:0px\" aria-hidden=\"true\" class=\"wp-block-spacer\"><\/div>\n<\/div>\n\n\n\n<div class=\"wp-block-group alignfull has-background has-global-padding is-layout-constrained wp-container-core-group-is-layout-2c9ff7b2 wp-block-group-is-layout-constrained\" style=\"border-style:none;border-width:0px;background-color:#a4d6f82b;margin-top:0;margin-bottom:0;padding-top:var(--wp--preset--spacing--x-small);padding-right:var(--wp--preset--spacing--large);padding-bottom:var(--wp--preset--spacing--x-small);padding-left:var(--wp--preset--spacing--large)\">\n<div class=\"wp-block-columns are-vertically-aligned-top is-layout-flex wp-container-core-columns-is-layout-4ea1b460 wp-block-columns-is-layout-flex\" style=\"padding-top:0;padding-right:0;padding-bottom:0;padding-left:0\">\n<div class=\"wp-block-column is-vertically-aligned-top is-layout-flow wp-block-column-is-layout-flow\">\n<figure class=\"wp-block-image aligncenter size-full is-resized\"><img decoding=\"async\" width=\"300\" height=\"278\" src=\"\/wp-content\/uploads\/2025\/09\/cargiver_circle-300x278-1.png\" alt=\"\" class=\"wp-image-2987\" style=\"width:320px\" srcset=\"\/wp-content\/uploads\/2025\/09\/cargiver_circle-300x278-1.png 300w, \/wp-content\/uploads\/2025\/09\/cargiver_circle-300x278-1-13x12.png 13w\" sizes=\"(max-width: 300px) 100vw, 300px\" \/><\/figure>\n<\/div>\n\n\n\n<div class=\"wp-block-column is-vertically-aligned-top has-background is-layout-flow wp-block-column-is-layout-flow\" style=\"background-color:#00000000\">\n<h1 class=\"wp-block-heading has-text-align-left has-text-color has-link-color has-large-font-size wp-elements-f0ef0d307e847cf74f317dba930412af\" style=\"color:#0191c8;padding-top:var(--wp--preset--spacing--small)\"><strong>Proveedor de Salud y Cuidador<\/strong> <strong>Alertas<\/strong><\/h1>\n\n\n\n<p class=\"has-text-align-left has-medium-font-size\">Cuando es necesario, MyRemoteDr alerta autom\u00e1ticamente a los proveedores de atenci\u00f3n m\u00e9dica y familiares del paciente sobre datos y hallazgos preocupantes.<\/p>\n<\/div>\n<\/div>\n\n\n\n<p><\/p>\n<\/div>\n\n\n\n<div class=\"wp-block-group alignfull has-background has-global-padding is-layout-constrained wp-container-core-group-is-layout-2c9ff7b2 wp-block-group-is-layout-constrained\" style=\"border-style:none;border-width:0px;background-color:#a4d6f82b;margin-top:0;margin-bottom:0;padding-top:var(--wp--preset--spacing--x-small);padding-right:var(--wp--preset--spacing--large);padding-bottom:var(--wp--preset--spacing--x-small);padding-left:var(--wp--preset--spacing--large)\">\n<div class=\"wp-block-columns are-vertically-aligned-top is-layout-flex wp-container-core-columns-is-layout-2d7698b3 wp-block-columns-is-layout-flex\" style=\"padding-right:0;padding-left:0\">\n<div class=\"wp-block-column is-vertically-aligned-top is-layout-flow wp-block-column-is-layout-flow\">\n<h1 class=\"wp-block-heading has-text-align-left has-text-color has-link-color has-large-font-size wp-elements-30bb5f5330c0e090789683812ee8f54a\" style=\"color:#0191c8\"><strong>Facturaci\u00f3n Integrada<\/strong><\/h1>\n\n\n\n<p class=\"has-text-align-left has-text-color has-link-color has-medium-font-size wp-elements-e8194996a261c64c2e8b5ec41b74d280\" style=\"color:#141414;padding-right:var(--wp--preset--spacing--x-small)\">Nuestro servicio incluye facturaci\u00f3n totalmente integrada. MyRemoteDr ofrece una soluci\u00f3n de reembolso sin riesgo y sin carga financiera para su pr\u00e1ctica, garantizando ingresos recurrentes desde su primer paciente. <br>Los servicios de Monitoreo Remoto Fisiol\u00f3gico  (Remote Physiological Monitoring) pueden facturarse utilizando los c\u00f3digos CPT <strong>99453, <strong>99445<\/strong><\/strong>, <strong>99454, 99457, and 99458<\/strong>, seg\u00fan el tipo espec\u00edfico de monitoreo y el nivel de participaci\u00f3n del proveedor de salud.<br><br><\/p>\n\n\n\n<p><\/p>\n<\/div>\n\n\n\n<div class=\"wp-block-column is-vertically-aligned-top has-background is-layout-flow wp-block-column-is-layout-flow\" style=\"background-color:#00000000\">\n<figure class=\"wp-block-image aligncenter size-full is-resized has-custom-border is-style-rounded\"><img loading=\"lazy\" decoding=\"async\" width=\"300\" height=\"278\" src=\"\/wp-content\/uploads\/2025\/09\/billing_cicle-300x278-1.png\" alt=\"\" class=\"wp-image-2988\" style=\"border-style:none;border-width:0px;width:320px\" srcset=\"\/wp-content\/uploads\/2025\/09\/billing_cicle-300x278-1.png 300w, \/wp-content\/uploads\/2025\/09\/billing_cicle-300x278-1-13x12.png 13w\" sizes=\"(max-width: 300px) 100vw, 300px\" \/><\/figure>\n<\/div>\n<\/div>\n<\/div>","protected":false},"excerpt":{"rendered":"<p>Remote Monitoring of Chronic Conditions MyRemoteDr enables healthcare providers to enhance their reach in a transformative manner without additional staffing. Our system integrates with hospitals, independent medical practices, and health plan workflows, offering tailored solutions for remote monitoring, chronic disease management, and patient follow-up programs. We work directly with healthcare teams to implement scalable solutions &hellip; <\/p>\n<p class=\"link-more\"><a href=\"https:\/\/www.myremotedr.com\/es\/cuidado-remoto-condiciones-cronicas\/\" class=\"more-link\">Leer m\u00e1s<span class=\"screen-reader-text\"> \u00abMonitoring for Chronic Conditions\u00bb<\/span><\/a><\/p>","protected":false},"author":1,"featured_media":864,"parent":0,"menu_order":0,"comment_status":"closed","ping_status":"closed","template":"page-templates\/full-width-transparent.php","meta":{"_monsterinsights_skip_tracking":false,"_monsterinsights_sitenote_active":false,"_monsterinsights_sitenote_note":"","_monsterinsights_sitenote_category":0,"footnotes":""},"class_list":["post-576","page","type-page","status-publish","has-post-thumbnail","hentry"],"aioseo_notices":[],"_links":{"self":[{"href":"https:\/\/www.myremotedr.com\/es\/wp-json\/wp\/v2\/pages\/576","targetHints":{"allow":["GET"]}}],"collection":[{"href":"https:\/\/www.myremotedr.com\/es\/wp-json\/wp\/v2\/pages"}],"about":[{"href":"https:\/\/www.myremotedr.com\/es\/wp-json\/wp\/v2\/types\/page"}],"author":[{"embeddable":true,"href":"https:\/\/www.myremotedr.com\/es\/wp-json\/wp\/v2\/users\/1"}],"replies":[{"embeddable":true,"href":"https:\/\/www.myremotedr.com\/es\/wp-json\/wp\/v2\/comments?post=576"}],"version-history":[{"count":212,"href":"https:\/\/www.myremotedr.com\/es\/wp-json\/wp\/v2\/pages\/576\/revisions"}],"predecessor-version":[{"id":3232,"href":"https:\/\/www.myremotedr.com\/es\/wp-json\/wp\/v2\/pages\/576\/revisions\/3232"}],"wp:featuredmedia":[{"embeddable":true,"href":"https:\/\/www.myremotedr.com\/es\/wp-json\/wp\/v2\/media\/864"}],"wp:attachment":[{"href":"https:\/\/www.myremotedr.com\/es\/wp-json\/wp\/v2\/media?parent=576"}],"curies":[{"name":"wp","href":"https:\/\/api.w.org\/{rel}","templated":true}]}}