{"id":63,"date":"2025-04-03T02:11:21","date_gmt":"2025-04-03T02:11:21","guid":{"rendered":"https:\/\/mrdwebsite-dxgugwf3hpd6fpef.eastus2-01.azurewebsites.net\/?page_id=63"},"modified":"2025-10-04T17:51:50","modified_gmt":"2025-10-04T17:51:50","slug":"contactenos","status":"publish","type":"page","link":"https:\/\/www.myremotedr.com\/es\/contactenos\/","title":{"rendered":"Cont\u00e1ctenos"},"content":{"rendered":"<div style=\"height:100px\" aria-hidden=\"true\" class=\"wp-block-spacer\"><\/div>\n\n\n\n<div class=\"wp-block-columns is-layout-flex wp-container-core-columns-is-layout-28f84493 wp-block-columns-is-layout-flex\">\n<div class=\"wp-block-column is-layout-flow wp-block-column-is-layout-flow\" style=\"flex-basis:66.66%\">\n<h2 class=\"wp-block-heading has-text-color has-link-color has-large-font-size wp-elements-b69478cdac51e88ef6722b755048a167\" style=\"color:#0191c8\">\u00bfTiene inter\u00e9s en conocer m\u00e1s sobre nosotros?<\/h2>\n\n\n\n<p>\u00bfRepresenta a una organizaci\u00f3n de salud? MyRemoteDr le ayuda a mejorar la atenci\u00f3n de sus pacientes con soluciones simples y efectivas de monitoreo remoto. Cont\u00e1ctenos hoy y conversemos, hablamos espa\u00f1ol.<\/p>\n\n\n<div class=\"wpforms-container wpforms-container-full wpforms-block wpforms-block-24dad38b-288a-43de-88e2-cac551c54607 wpforms-render-modern\" id=\"wpforms-999\"><form id=\"wpforms-form-999\" class=\"wpforms-validate wpforms-form wpforms-ajax-form\" data-formid=\"999\" method=\"post\" enctype=\"multipart\/form-data\" action=\"\/es\/wp-json\/wp\/v2\/pages\/63\" data-token=\"14cf894eacfeaec1b3d66f17222ca7de\" data-token-time=\"1777387328\" data-trp-original-action=\"\/es\/wp-json\/wp\/v2\/pages\/63\"><noscript class=\"wpforms-error-noscript\">Por favor, activa JavaScript en tu navegador para completar este formulario.<\/noscript><div class=\"wpforms-hidden\" id=\"wpforms-error-noscript\">Por favor, activa JavaScript en tu navegador para completar este formulario.<\/div><div class=\"wpforms-field-container\"><div id=\"wpforms-999-field_1-container\" class=\"wpforms-field wpforms-field-text\" data-field-id=\"1\"><label class=\"wpforms-field-label\" for=\"wpforms-999-field_1\">Nombre y apellido <span class=\"wpforms-required-label\" aria-hidden=\"true\">*<\/span><\/label><input type=\"text\" id=\"wpforms-999-field_1\" class=\"wpforms-field-medium wpforms-field-required\" name=\"wpforms[fields][1]\" aria-errormessage=\"wpforms-999-field_1-error\" required><\/div><div id=\"wpforms-999-field_4-container\" class=\"wpforms-field wpforms-field-email\" data-field-id=\"4\"><label class=\"wpforms-field-label\" for=\"wpforms-999-field_4\">Correo electr\u00f3nico de su trabajo <span class=\"wpforms-required-label\" aria-hidden=\"true\">*<\/span><\/label><input type=\"email\" id=\"wpforms-999-field_4\" class=\"wpforms-field-medium wpforms-field-required\" name=\"wpforms[fields][4]\" spellcheck=\"false\" aria-errormessage=\"wpforms-999-field_4-error\" required><\/div><div id=\"wpforms-999-field_14-container\" class=\"wpforms-field wpforms-field-text\" data-field-id=\"14\"><label class=\"wpforms-field-label\" for=\"wpforms-999-field_14\">Nombre de su organizaci\u00f3n<\/label><input type=\"text\" id=\"wpforms-999-field_14\" class=\"wpforms-field-medium\" name=\"wpforms[fields][14]\" aria-errormessage=\"wpforms-999-field_14-error\" ><\/div><div id=\"wpforms-999-field_15-container\" class=\"wpforms-field wpforms-field-text\" data-field-id=\"15\"><label class=\"wpforms-field-label\" for=\"wpforms-999-field_15\">Rol<\/label><input type=\"text\" id=\"wpforms-999-field_15\" class=\"wpforms-field-medium\" name=\"wpforms[fields][15]\" aria-errormessage=\"wpforms-999-field_15-error\" ><\/div><div id=\"wpforms-999-field_13-container\" class=\"wpforms-field wpforms-field-radio\" data-field-id=\"13\"><fieldset><legend class=\"wpforms-field-label\">Idioma Preferido<\/legend><ul id=\"wpforms-999-field_13\"><li class=\"choice-1 depth-1\"><input type=\"radio\" id=\"wpforms-999-field_13_1\" name=\"wpforms[fields][13]\" value=\"English\" aria-errormessage=\"wpforms-999-field_13_1-error\"  ><label class=\"wpforms-field-label-inline\" for=\"wpforms-999-field_13_1\">Ingl\u00e9s<\/label><\/li><li class=\"choice-2 depth-1\"><input type=\"radio\" id=\"wpforms-999-field_13_2\" name=\"wpforms[fields][13]\" value=\"Spanish\" aria-errormessage=\"wpforms-999-field_13_2-error\"  ><label class=\"wpforms-field-label-inline\" for=\"wpforms-999-field_13_2\">Espa\u00f1ol<\/label><\/li><\/ul><\/fieldset><\/div><div id=\"wpforms-999-field_9-container\" class=\"wpforms-field wpforms-field-select wpforms-field-select-style-classic\" data-field-id=\"9\"><label class=\"wpforms-field-label\" for=\"wpforms-999-field_9\">Asunto:<\/label><select id=\"wpforms-999-field_9\" class=\"wpforms-field-medium\" name=\"wpforms[fields][9]\"><option value=\"Please Select\"  selected='selected'>Seleccione<\/option><option value=\"Sales\" >Ventas<\/option><option value=\"Customer Support\" >Servicio al cliente y soporte<\/option><option value=\"Partners\" >Socios<\/option><option value=\"Investor Relations\" >Relaciones con Inversionistas<\/option><\/select><\/div><div id=\"wpforms-999-field_8-container\" class=\"wpforms-field wpforms-field-textarea\" data-field-id=\"8\"><label class=\"wpforms-field-label\" for=\"wpforms-999-field_8\">Mensaje<\/label><textarea id=\"wpforms-999-field_8\" class=\"wpforms-field-medium\" name=\"wpforms[fields][8]\" aria-errormessage=\"wpforms-999-field_8-error\" ><\/textarea><\/div><\/div><!-- .wpforms-field-container --><div class=\"wpforms-recaptcha-container wpforms-is-recaptcha wpforms-is-recaptcha-type-v2\" ><div class=\"g-recaptcha\" data-sitekey=\"6LfuAakoAAAAAGF9z4yYu74wPkAanLkxOM2h46jy\"><\/div><input type=\"text\" name=\"g-recaptcha-hidden\" class=\"wpforms-recaptcha-hidden\" style=\"position:absolute!important;clip:rect(0,0,0,0)!important;height:1px!important;width:1px!important;border:0!important;overflow:hidden!important;padding:0!important;margin:0!important;\" data-rule-recaptcha=\"1\"><\/div><div class=\"wpforms-submit-container\" ><input type=\"hidden\" name=\"wpforms[id]\" value=\"999\"><input type=\"hidden\" name=\"page_title\" value=\"\"><input type=\"hidden\" name=\"page_url\" value=\"https:\/\/www.myremotedr.com\/es\/wp-json\/wp\/v2\/pages\/63\"><input type=\"hidden\" name=\"url_referer\" value=\"\"><button type=\"submit\" name=\"wpforms[submit]\" id=\"wpforms-submit-999\" class=\"wpforms-submit\" data-alt-text=\"Sending...\" data-submit-text=\"Submit\" aria-live=\"assertive\" value=\"wpforms-submit\">Enviar<\/button><img decoding=\"async\" src=\"\/wp-content\/plugins\/wpforms-lite\/assets\/images\/submit-spin.svg\" class=\"wpforms-submit-spinner\" style=\"display: none;\" width=\"26\" height=\"26\" alt=\"Cargando\"><\/div><input type=\"hidden\" name=\"trp-form-language\" value=\"es\"\/><\/form><\/div>  <!-- .wpforms-container --><\/div>\n\n\n\n<div class=\"wp-block-column has-background is-layout-flow wp-block-column-is-layout-flow\" style=\"background-color:#f2f2f2;padding-top:var(--wp--preset--spacing--x-small);padding-right:var(--wp--preset--spacing--small);padding-bottom:var(--wp--preset--spacing--x-small);padding-left:var(--wp--preset--spacing--small);flex-basis:33.33%\">\n<h3 class=\"wp-block-heading has-text-color has-link-color wp-elements-0c4629a2b2d0a27ee5f7e9c284ffb713\" style=\"color:#0191c8\">Estados Unidos y Canada<\/h3>\n\n\n\n<p><strong>MyRemoteDr, LLC.<\/strong><br>Ft. Lauderdale, Florida<br>Estados Unidos<br><\/p>\n\n\n\n<h4 class=\"wp-block-heading\">Servicio al Cliente<\/h4>\n\n\n\n<p>P:\u00a0 (561) 203-9520<br>P:\u00a0 (888) 743-7780<br><a href=\"mailto:info@myremotedr.com\">info@myremotedr.com<\/a><\/p>\n\n\n\n<h3 class=\"wp-block-heading has-text-color has-link-color wp-elements-5b0f08b39e31c08afe65b72ae82afbcb\" style=\"color:#0191c8\">Am\u00e9rica Latina<\/h3>\n\n\n\n<p>MyRemoteDr S.R.L.<br>Escaz\u00fa, San Jos\u00e9<br>Costa Rica<br>(506) 2228 7831<br><a href=\"mailto:info@myremotedr.com\">info@myremotedr.com<\/a><br><\/p>\n<\/div>\n<\/div>","protected":false},"excerpt":{"rendered":"<p>Interested in partnering with us? If you represent a healthcare organization and want to explore how MyRemoteDr can enhance your patient care, we\u2019d love to hear from you. Contact us today! United States &amp; Canada MyRemoteDr, LLC.Ft. Lauderdale, FloridaUnited States Customer Service P:\u00a0 (561) 203-9520P:\u00a0 (888) 743-7780info@myremotedr.com Latin America MyRemoteDr S.R.L.Escaz\u00fa, San Jos\u00e9Costa RicaP:&nbsp;(506) 2228 &hellip; <\/p>\n<p class=\"link-more\"><a href=\"https:\/\/www.myremotedr.com\/es\/contactenos\/\" class=\"more-link\">Leer m\u00e1s<span class=\"screen-reader-text\"> \u00abContact Us\u00bb<\/span><\/a><\/p>","protected":false},"author":1,"featured_media":0,"parent":0,"menu_order":0,"comment_status":"closed","ping_status":"closed","template":"page-templates\/no-title.php","meta":{"_monsterinsights_skip_tracking":false,"_monsterinsights_sitenote_active":false,"_monsterinsights_sitenote_note":"","_monsterinsights_sitenote_category":0,"footnotes":""},"class_list":["post-63","page","type-page","status-publish","hentry"],"aioseo_notices":[],"_links":{"self":[{"href":"https:\/\/www.myremotedr.com\/es\/wp-json\/wp\/v2\/pages\/63","targetHints":{"allow":["GET"]}}],"collection":[{"href":"https:\/\/www.myremotedr.com\/es\/wp-json\/wp\/v2\/pages"}],"about":[{"href":"https:\/\/www.myremotedr.com\/es\/wp-json\/wp\/v2\/types\/page"}],"author":[{"embeddable":true,"href":"https:\/\/www.myremotedr.com\/es\/wp-json\/wp\/v2\/users\/1"}],"replies":[{"embeddable":true,"href":"https:\/\/www.myremotedr.com\/es\/wp-json\/wp\/v2\/comments?post=63"}],"version-history":[{"count":65,"href":"https:\/\/www.myremotedr.com\/es\/wp-json\/wp\/v2\/pages\/63\/revisions"}],"predecessor-version":[{"id":3185,"href":"https:\/\/www.myremotedr.com\/es\/wp-json\/wp\/v2\/pages\/63\/revisions\/3185"}],"wp:attachment":[{"href":"https:\/\/www.myremotedr.com\/es\/wp-json\/wp\/v2\/media?parent=63"}],"curies":[{"name":"wp","href":"https:\/\/api.w.org\/{rel}","templated":true}]}}