{"id":833,"date":"2025-04-25T18:39:04","date_gmt":"2025-04-25T18:39:04","guid":{"rendered":"https:\/\/mrdwebsite-dxgugwf3hpd6fpef.eastus2-01.azurewebsites.net\/?page_id=833"},"modified":"2025-10-02T17:47:31","modified_gmt":"2025-10-02T17:47:31","slug":"cuidado-adulto-mayor","status":"publish","type":"page","link":"https:\/\/www.myremotedr.com\/es\/cuidado-adulto-mayor\/","title":{"rendered":"Monitoreo de Personas Mayores"},"content":{"rendered":"<div class=\"n2_clear\"><ss3-force-full-width data-overflow-x=\"body\" data-horizontal-selector=\"body\"><div class=\"n2-section-smartslider fitvidsignore  n2_clear\" data-ssid=\"14\"><div id=\"n2-ss-14-align\" class=\"n2-ss-align\"><div class=\"n2-padding\"><div id=\"n2-ss-14\" data-creator=\"Smart Slider 3\" data-responsive=\"fullwidth\" class=\"n2-ss-slider n2-ow n2-has-hover n2notransition\">\n        <div class=\"n2-ss-slider-1 n2_ss__touch_element n2-ow\">\n            <div class=\"n2-ss-slider-2 n2-ow\">\n                                                <div class=\"n2-ss-slider-3 n2-ow\">\n\n                    <div class=\"n2-ss-slide-backgrounds n2-ow-all\"><div class=\"n2-ss-slide-background\" data-public-id=\"1\" data-mode=\"fill\"><div class=\"n2-ss-slide-background-image\" data-blur=\"0\" data-opacity=\"100\" data-x=\"45\" data-y=\"28\" data-alt=\"Senior Care Monitoring\" data-title=\"Senior Care Monitoring\" style=\"--ss-o-pos-x:45%;--ss-o-pos-y:28%\"><picture class=\"skip-lazy\" data-skip-lazy=\"1\"><img decoding=\"async\" src=\"https:\/\/wpstorage61de536fe5.blob.core.windows.net\/wpblob61de536fe5\/wp-content\/uploads\/2025\/09\/Seniors_MRD_page.jpg\" alt=\"Monitoreo de Personas Mayores\" title=\"Monitoreo de Personas Mayores\" loading=\"lazy\" class=\"skip-lazy\" data-skip-lazy=\"1\"><\/picture><\/div><div data-color=\"RGBA(255,255,255,0)\" style=\"background-color: RGBA(255,255,255,0);\" class=\"n2-ss-slide-background-color\"><\/div><\/div><\/div>                    <div class=\"n2-ss-slider-4 n2-ow\">\n                        <svg xmlns=\"http:\/\/www.w3.org\/2000\/svg\" viewbox=\"0 0 1200 450\" data-related-device=\"desktopPortrait\" class=\"n2-ow n2-ss-preserve-size n2-ss-preserve-size--slider n2-ss-slide-limiter\"><\/svg><div data-first=\"1\" data-slide-duration=\"0\" data-id=\"23\" data-slide-public-id=\"1\" data-title=\"Senior Care Monitoring\" class=\"n2-ss-slide n2-ow  n2-ss-slide-23\"><div role=\"note\" class=\"n2-ss-slide--focus\" tabindex=\"-1\">Monitoreo de Personas Mayores<\/div><div class=\"n2-ss-layers-container n2-ss-slide-limiter n2-ow\"><div class=\"n2-ss-layer n2-ow n-uc-jvM7aqqUSzYU\" data-sstype=\"slide\" data-pm=\"default\"><div class=\"n2-ss-layer n2-ow n-uc-SQg87an83zqJ\" data-pm=\"default\" data-sstype=\"content\" data-hasbackground=\"0\"><div class=\"n2-ss-section-main-content n2-ss-layer-with-background n2-ss-layer-content n2-ow n-uc-SQg87an83zqJ-inner\"><div class=\"n2-ss-layer n2-ow n2-ss-layer--block n2-ss-has-self-align n-uc-sQglRmH3mVKq\" data-pm=\"normal\" data-sstype=\"row\"><div class=\"n2-ss-layer-row n2-ss-layer-with-background n-uc-sQglRmH3mVKq-inner\"><div class=\"n2-ss-layer-row-inner\"><div class=\"n2-ss-layer n2-ow n-uc-HQEFhLsL5HK6\" data-pm=\"default\" data-sstype=\"col\"><div class=\"n2-ss-layer-col n2-ss-layer-with-background n2-ss-layer-content n-uc-HQEFhLsL5HK6-inner\"><div class=\"n2-ss-layer n2-ow n-uc-IoRPGqKpBo8U\" data-pm=\"normal\" data-hidemobileportrait=\"1\" data-sstype=\"layer\"><div class=\"n2-ss-item-content n2-ss-text n2-ow-all\"><div class=\"\"><p class=\"n2-font-70f86bd51d84c8987242e52408cd36a6-paragraph  n2-style-f8293b450b12ef15d5c4ff97a617a3e3-heading\">Monitoreo de Personas Mayores<\/p>\n<\/div><\/div><\/div><\/div><\/div><div class=\"n2-ss-layer n2-ow n-uc-pEOe1JvMPcrt\" data-pm=\"default\" data-sstype=\"col\"><div class=\"n2-ss-layer-col n2-ss-layer-with-background n2-ss-layer-content n-uc-pEOe1JvMPcrt-inner\"><\/div><\/div><\/div><\/div><\/div><div class=\"n2-ss-layer n2-ow n2-ss-layer--block n2-ss-has-self-align n-uc-QEo973JbguIO\" data-pm=\"normal\" data-sstype=\"row\"><div class=\"n2-ss-layer-row n2-ss-layer-with-background n-uc-QEo973JbguIO-inner\"><div class=\"n2-ss-layer-row-inner\"><div class=\"n2-ss-layer n2-ow n-uc-KJvoKWcBgFde\" data-pm=\"default\" data-sstype=\"col\"><div class=\"n2-ss-layer-col n2-ss-layer-with-background n2-ss-layer-content n-uc-KJvoKWcBgFde-inner\"><\/div><\/div><\/div><\/div><\/div><div class=\"n2-ss-layer n2-ow n-uc-flJICvn4AbbZ\" data-pm=\"normal\" data-hidedesktopportrait=\"1\" data-hidemobileportrait=\"1\" data-sstype=\"layer\"><div class=\"n2-ss-item-content n2-ss-text n2-ow-all\"><div class=\"\"><p class=\"n2-font-c284142e61d5c2fe3b2928fb9258b362-paragraph\">Monitoreo de Personas Mayores<\/p>\n<\/div><\/div><\/div><div class=\"n2-ss-layer n2-ow n2-ss-layer--block n2-ss-has-self-align n-uc-8TpcJ161POco\" data-pm=\"normal\" data-sstype=\"row\"><div class=\"n2-ss-layer-row n2-ss-layer-with-background n-uc-8TpcJ161POco-inner\"><div class=\"n2-ss-layer-row-inner\"><div class=\"n2-ss-layer n2-ow n-uc-YPDQxbKIzn4F\" data-pm=\"default\" data-sstype=\"col\"><div class=\"n2-ss-layer-col n2-ss-layer-with-background n2-ss-layer-content n-uc-YPDQxbKIzn4F-inner\"><\/div><\/div><div class=\"n2-ss-layer n2-ow n-uc-N48cxufLKkLZ\" data-pm=\"default\" data-sstype=\"col\"><div class=\"n2-ss-layer-col n2-ss-layer-with-background n2-ss-layer-content n-uc-N48cxufLKkLZ-inner\"><\/div><\/div><\/div><\/div><\/div><div class=\"n2-ss-layer n2-ow n-uc-5N9GF92LZIr4\" data-pm=\"normal\" data-hidedesktopportrait=\"1\" data-hidetabletportrait=\"1\" data-sstype=\"layer\"><div class=\"n2-ss-item-content n2-ss-text n2-ow-all\"><div class=\"\"><p class=\"n2-font-22e227b44276895e017999007cf897e1-paragraph  n2-style-be4bb1ebda2daa5811c3b70186d27ab9-heading\">Monitoreo de Personas Mayores<\/p>\n<\/div><\/div><\/div><\/div><\/div><\/div><\/div><\/div>                    <\/div>\n\n                                    <\/div>\n            <\/div>\n        <\/div>\n        <\/div><ss3-loader><\/ss3-loader><\/div><\/div><div class=\"n2_clear\"><\/div><\/div><\/ss3-force-full-width><\/div>\n\n\n<div class=\"wp-block-group alignfull has-white-background-color has-background has-global-padding is-layout-constrained wp-block-group-is-layout-constrained\" style=\"border-style:none;border-width:0px;padding-top:var(--wp--preset--spacing--small);padding-bottom:var(--wp--preset--spacing--small)\">\n<div class=\"wp-block-columns is-layout-flex wp-container-core-columns-is-layout-7db7aa3e wp-block-columns-is-layout-flex\" style=\"padding-right:0;padding-left:0\">\n<div class=\"wp-block-column is-vertically-aligned-center is-layout-flow wp-block-column-is-layout-flow\">\n<h1 class=\"wp-block-heading has-text-color has-link-color has-large-font-size wp-elements-9420bd88c5776923eb63a873ba782f48\" style=\"color:#0191c8\"><strong>Brinde Tranquilidad a las Personas Mayores y sus Familias<\/strong><\/h1>\n\n\n\n<p class=\"has-text-color has-link-color wp-elements-a11bc13e396525da4c6a7a9df55d1e20\" style=\"color:#141414\">MyRemoteDr permite un monitoreo m\u00e1s inteligente de los residentes en hogares de ancianos, centros de vida asistida y comunidades de vida independiente.<\/p>\n\n\n\n<p class=\"has-text-color has-link-color wp-elements-04b48c0dcbe55e97e1a1c39a3f4725c9\" style=\"color:#141414\">Nuestra soluci\u00f3n ofrece un monitoreo inteligente de la salud para condiciones cr\u00f3nicas, sin aumentar los gastos de personal.<\/p>\n<\/div>\n\n\n\n<div class=\"wp-block-column has-background is-layout-flow wp-block-column-is-layout-flow\" style=\"background-color:#00000000\">\n<figure class=\"wp-block-image aligncenter size-full is-resized has-custom-border is-style-rounded\"><img fetchpriority=\"high\" decoding=\"async\" width=\"300\" height=\"258\" src=\"\/wp-content\/uploads\/2025\/09\/iStock-1186371617-assitingliving-e1745618604381-300x258-1.jpg\" alt=\"\" class=\"has-border-color wp-image-2953\" style=\"border-color:#008fc717;border-width:8px;border-radius:2px;width:330px\" srcset=\"\/wp-content\/uploads\/2025\/09\/iStock-1186371617-assitingliving-e1745618604381-300x258-1.jpg 300w, \/wp-content\/uploads\/2025\/09\/iStock-1186371617-assitingliving-e1745618604381-300x258-1-14x12.jpg 14w\" sizes=\"(max-width: 300px) 100vw, 300px\" \/><\/figure>\n<\/div>\n<\/div>\n\n\n\n<p>Como parte de nuestra <a href=\"https:\/\/myremotedr.com\/en\/myremotedr-platform\/\" title=\"La Plataforma de MyRemoteDr\">platform de RPM yRTM<\/a>, equipamos cada ubicaci\u00f3n con dispositivos conectados y f\u00e1ciles de usar, como tensi\u00f3metros, ox\u00edmetros de pulso y b\u00e1sculas inteligentes. Estos <a href=\"https:\/\/myremotedr.com\/en\/remote-patient-monitoring-devices\/\" title=\"Remote Patient Monitoring Devices\">dispositivos<\/a> transmiten autom\u00e1ticamente datos en tiempo real a los profesionales de la salud designados del paciente, mejorando la comunicaci\u00f3n y la coordinaci\u00f3n en todo el equipo de atenci\u00f3n.<\/p>\n<\/div>\n\n\n\n<div class=\"wp-block-group alignfull has-background has-global-padding is-layout-constrained wp-block-group-is-layout-constrained\" style=\"border-style:none;border-width:0px;background-color:#a0d2fd42;padding-top:var(--wp--preset--spacing--small);padding-bottom:var(--wp--preset--spacing--small)\">\n<div class=\"wp-block-columns is-layout-flex wp-container-core-columns-is-layout-7db7aa3e wp-block-columns-is-layout-flex\" style=\"padding-right:0;padding-left:0\">\n<div class=\"wp-block-column is-vertically-aligned-center is-layout-flow wp-block-column-is-layout-flow\">\n<div class=\"wp-block-columns are-vertically-aligned-top is-layout-flex wp-container-core-columns-is-layout-7db7aa3e wp-block-columns-is-layout-flex\" style=\"padding-right:0;padding-left:0\">\n<div class=\"wp-block-column is-vertically-aligned-top is-layout-flow wp-block-column-is-layout-flow\">\n<div class=\"wp-block-columns are-vertically-aligned-top is-layout-flex wp-container-core-columns-is-layout-28f84493 wp-block-columns-is-layout-flex\">\n<div class=\"wp-block-column is-vertically-aligned-top is-style-shadow has-light-background-background-color has-background is-layout-flow wp-block-column-is-layout-flow\" style=\"border-style:none;border-width:0px;padding-top:14px;padding-right:14px;padding-bottom:14px;padding-left:14px;flex-basis:50%\">\n<div class=\"wp-block-columns is-layout-flex wp-container-core-columns-is-layout-28f84493 wp-block-columns-is-layout-flex\">\n<div class=\"wp-block-column is-layout-flow wp-block-column-is-layout-flow\" style=\"flex-basis:100%\">\n<div class=\"wp-block-columns is-layout-flex wp-container-core-columns-is-layout-28f84493 wp-block-columns-is-layout-flex\">\n<div class=\"wp-block-column is-layout-flow wp-block-column-is-layout-flow\" style=\"flex-basis:100%\">\n<div class=\"wp-block-media-text alignfull is-stacked-on-mobile is-vertically-aligned-top\" style=\"margin-top:0;margin-right:0;margin-bottom:0;margin-left:0;padding-top:0;padding-right:0;padding-bottom:0;padding-left:0\"><figure class=\"wp-block-media-text__media\"><img decoding=\"async\" width=\"803\" height=\"803\" src=\"\/wp-content\/uploads\/2025\/09\/Dr_computer-e1746027784391.jpg\" alt=\"\" class=\"wp-image-2957 size-full\" srcset=\"\/wp-content\/uploads\/2025\/09\/Dr_computer-e1746027784391.jpg 803w, \/wp-content\/uploads\/2025\/09\/Dr_computer-e1746027784391-300x300.jpg 300w, \/wp-content\/uploads\/2025\/09\/Dr_computer-e1746027784391-150x150.jpg 150w, \/wp-content\/uploads\/2025\/09\/Dr_computer-e1746027784391-12x12.jpg 12w\" sizes=\"(max-width: 803px) 100vw, 803px\" \/><\/figure><div class=\"wp-block-media-text__content\">\n<h2 class=\"wp-block-heading has-text-color has-link-color has-medium-font-size wp-elements-5b5691ec46a421464b8a9f9c4187610c\" style=\"color:#0191c8\">Fortalece la Comunicaci\u00f3n y la Coordinaci\u00f3n con los Profesionales de la Salud<\/h2>\n\n\n\n<p>Empodere al personal de centros de atenci\u00f3n para personas mayores para mejorar la continuidad del cuidado y elevar la calidad de vida de los residentes mediante la colaboraci\u00f3n proactiva y el seguimiento con los profesionales de la salud.<\/p>\n<\/div><\/div>\n<\/div>\n<\/div>\n<\/div>\n<\/div>\n<\/div>\n\n\n\n<div class=\"wp-block-column is-vertically-aligned-top is-style-shadow has-light-background-background-color has-background is-layout-flow wp-container-core-column-is-layout-88e6f6ee wp-block-column-is-layout-flow\" style=\"border-style:none;border-width:0px;padding-top:14px;padding-right:14px;padding-bottom:14px;padding-left:14px;flex-basis:50%\">\n<div class=\"wp-block-columns is-layout-flex wp-container-core-columns-is-layout-28f84493 wp-block-columns-is-layout-flex\">\n<div class=\"wp-block-column is-layout-flow wp-block-column-is-layout-flow\" style=\"flex-basis:100%\">\n<div class=\"wp-block-columns is-layout-flex wp-container-core-columns-is-layout-28f84493 wp-block-columns-is-layout-flex\">\n<div class=\"wp-block-column is-layout-flow wp-block-column-is-layout-flow\" style=\"flex-basis:100%\">\n<div class=\"wp-block-media-text alignfull is-stacked-on-mobile is-vertically-aligned-top\" style=\"margin-top:0;margin-right:0;margin-bottom:0;margin-left:0;padding-top:0;padding-right:0;padding-bottom:0;padding-left:0\"><figure class=\"wp-block-media-text__media\"><img decoding=\"async\" width=\"1024\" height=\"1024\" src=\"\/wp-content\/uploads\/2025\/09\/oldwoman-care-1024x1024-1.jpg\" alt=\"\" class=\"wp-image-2958 size-full\" srcset=\"\/wp-content\/uploads\/2025\/09\/oldwoman-care-1024x1024-1.jpg 1024w, \/wp-content\/uploads\/2025\/09\/oldwoman-care-1024x1024-1-300x300.jpg 300w, \/wp-content\/uploads\/2025\/09\/oldwoman-care-1024x1024-1-150x150.jpg 150w, \/wp-content\/uploads\/2025\/09\/oldwoman-care-1024x1024-1-12x12.jpg 12w\" sizes=\"(max-width: 1024px) 100vw, 1024px\" \/><\/figure><div class=\"wp-block-media-text__content\">\n<h2 class=\"wp-block-heading has-text-color has-link-color has-medium-font-size wp-elements-ac2936167a92f5824fe816e4a4df3392\" style=\"color:#0191c8\">Priorizaci\u00f3n Mejorada del Cuidado de los Residentes<\/h2>\n\n\n\n<p>Utilice datos de signos vitales en tiempo real y otros indicadores de salud para identificar proactivamente a los residentes que necesitan atenci\u00f3n inmediata.<\/p>\n\n\n\n<div style=\"height:34px\" aria-hidden=\"true\" class=\"wp-block-spacer\"><\/div>\n<\/div><\/div>\n<\/div>\n<\/div>\n<\/div>\n<\/div>\n<\/div>\n<\/div>\n<\/div>\n<\/div>\n<\/div>\n<\/div>\n<\/div>","protected":false},"excerpt":{"rendered":"<p>Provide Seniors and their Families Peace of Mind MyRemoteDr enables smarter resident monitoring for nursing homes, assisted living facilities, and independent living communities. Our solution delivers intelligent health monitoring for chronic conditions\u2014without increasing staffing expenses. As part of our RPM and RTM platform, we equip each location with user-friendly, connected devices such as blood pressure &hellip; <\/p>\n<p class=\"link-more\"><a href=\"https:\/\/www.myremotedr.com\/es\/cuidado-adulto-mayor\/\" class=\"more-link\">Leer m\u00e1s<span class=\"screen-reader-text\"> \u00abSenior Care Monitoring\u00bb<\/span><\/a><\/p>","protected":false},"author":1,"featured_media":0,"parent":0,"menu_order":0,"comment_status":"closed","ping_status":"closed","template":"page-templates\/full-width-transparent.php","meta":{"_monsterinsights_skip_tracking":false,"_monsterinsights_sitenote_active":false,"_monsterinsights_sitenote_note":"","_monsterinsights_sitenote_category":0,"footnotes":""},"class_list":["post-833","page","type-page","status-publish","hentry"],"aioseo_notices":[],"_links":{"self":[{"href":"https:\/\/www.myremotedr.com\/es\/wp-json\/wp\/v2\/pages\/833","targetHints":{"allow":["GET"]}}],"collection":[{"href":"https:\/\/www.myremotedr.com\/es\/wp-json\/wp\/v2\/pages"}],"about":[{"href":"https:\/\/www.myremotedr.com\/es\/wp-json\/wp\/v2\/types\/page"}],"author":[{"embeddable":true,"href":"https:\/\/www.myremotedr.com\/es\/wp-json\/wp\/v2\/users\/1"}],"replies":[{"embeddable":true,"href":"https:\/\/www.myremotedr.com\/es\/wp-json\/wp\/v2\/comments?post=833"}],"version-history":[{"count":97,"href":"https:\/\/www.myremotedr.com\/es\/wp-json\/wp\/v2\/pages\/833\/revisions"}],"predecessor-version":[{"id":3156,"href":"https:\/\/www.myremotedr.com\/es\/wp-json\/wp\/v2\/pages\/833\/revisions\/3156"}],"wp:attachment":[{"href":"https:\/\/www.myremotedr.com\/es\/wp-json\/wp\/v2\/media?parent=833"}],"curies":[{"name":"wp","href":"https:\/\/api.w.org\/{rel}","templated":true}]}}