{"id":933,"date":"2025-04-26T00:45:57","date_gmt":"2025-04-26T00:45:57","guid":{"rendered":"https:\/\/mrdwebsite-dxgugwf3hpd6fpef.eastus2-01.azurewebsites.net\/?page_id=933"},"modified":"2025-09-27T00:47:02","modified_gmt":"2025-09-27T00:47:02","slug":"investigacion-medica","status":"publish","type":"page","link":"https:\/\/www.myremotedr.com\/es\/investigacion-medica\/","title":{"rendered":"Investigaci\u00f3n M\u00e9dica"},"content":{"rendered":"<div class=\"n2_clear\"><ss3-force-full-width data-overflow-x=\"body\" data-horizontal-selector=\"body\"><div class=\"n2-section-smartslider fitvidsignore  n2_clear\" data-ssid=\"15\"><div id=\"n2-ss-15-align\" class=\"n2-ss-align\"><div class=\"n2-padding\"><div id=\"n2-ss-15\" data-creator=\"Smart Slider 3\" data-responsive=\"fullwidth\" class=\"n2-ss-slider n2-ow n2-has-hover n2notransition\">\n        <div class=\"n2-ss-slider-1 n2_ss__touch_element n2-ow\">\n            <div class=\"n2-ss-slider-2 n2-ow\">\n                                                <div class=\"n2-ss-slider-3 n2-ow\">\n\n                    <div class=\"n2-ss-slide-backgrounds n2-ow-all\"><div class=\"n2-ss-slide-background\" data-public-id=\"1\" data-mode=\"fill\"><div class=\"n2-ss-slide-background-image\" data-blur=\"0\" data-opacity=\"100\" data-x=\"46\" data-y=\"11\" data-alt=\"Medical Research\" data-title=\"Medical Research\" style=\"--ss-o-pos-x:46%;--ss-o-pos-y:11%\"><picture class=\"skip-lazy\" data-skip-lazy=\"1\"><img decoding=\"async\" src=\"https:\/\/wpstorage61de536fe5.blob.core.windows.net\/wpblob61de536fe5\/wp-content\/uploads\/2025\/09\/Research_page-1.jpg\" alt=\"Investigaci\u00f3n M\u00e9dica\" title=\"Investigaci\u00f3n M\u00e9dica\" loading=\"lazy\" class=\"skip-lazy\" data-skip-lazy=\"1\"><\/picture><\/div><div data-color=\"RGBA(255,255,255,0)\" style=\"background-color: RGBA(255,255,255,0);\" class=\"n2-ss-slide-background-color\"><\/div><\/div><\/div>                    <div class=\"n2-ss-slider-4 n2-ow\">\n                        <svg xmlns=\"http:\/\/www.w3.org\/2000\/svg\" viewbox=\"0 0 1200 450\" data-related-device=\"desktopPortrait\" class=\"n2-ow n2-ss-preserve-size n2-ss-preserve-size--slider n2-ss-slide-limiter\"><\/svg><div data-first=\"1\" data-slide-duration=\"0\" data-id=\"24\" data-slide-public-id=\"1\" data-title=\"Medical Research\" class=\"n2-ss-slide n2-ow  n2-ss-slide-24\"><div role=\"note\" class=\"n2-ss-slide--focus\" tabindex=\"-1\">Investigaci\u00f3n M\u00e9dica<\/div><div class=\"n2-ss-layers-container n2-ss-slide-limiter n2-ow\"><div class=\"n2-ss-layer n2-ow n-uc-CiF3IGSRbkl5\" data-sstype=\"slide\" data-pm=\"default\"><div class=\"n2-ss-layer n2-ow n-uc-p4MszjaHBfRQ\" data-pm=\"default\" data-sstype=\"content\" data-hasbackground=\"0\"><div class=\"n2-ss-section-main-content n2-ss-layer-with-background n2-ss-layer-content n2-ow n-uc-p4MszjaHBfRQ-inner\"><div class=\"n2-ss-layer n2-ow n2-ss-layer--block n2-ss-has-self-align n-uc-XWbBOzBxO1cf\" data-pm=\"normal\" data-sstype=\"row\"><div class=\"n2-ss-layer-row n2-ss-layer-with-background n-uc-XWbBOzBxO1cf-inner\"><div class=\"n2-ss-layer-row-inner\"><div class=\"n2-ss-layer n2-ow n-uc-fImRCuLuyAR3\" data-pm=\"default\" data-sstype=\"col\"><div class=\"n2-ss-layer-col n2-ss-layer-with-background n2-ss-layer-content n-uc-fImRCuLuyAR3-inner\"><div class=\"n2-ss-layer n2-ow n-uc-JyuuLYJoQByI\" data-pm=\"normal\" data-hidemobileportrait=\"1\" data-sstype=\"layer\"><div class=\"n2-ss-item-content n2-ss-text n2-ow-all\"><div class=\"\"><p class=\"n2-font-7240a7e7f8c314bd8daa431824a4d736-paragraph  n2-style-f8293b450b12ef15d5c4ff97a617a3e3-heading\">Investigaci\u00f3n M\u00e9dica<\/p>\n<\/div><\/div><\/div><\/div><\/div><div class=\"n2-ss-layer n2-ow n-uc-Pf96fYevvY4v\" data-pm=\"default\" data-sstype=\"col\"><div class=\"n2-ss-layer-col n2-ss-layer-with-background n2-ss-layer-content n-uc-Pf96fYevvY4v-inner\"><\/div><\/div><\/div><\/div><\/div><div class=\"n2-ss-layer n2-ow n2-ss-layer--block n2-ss-has-self-align n-uc-g6CeQ3gud8ft\" data-pm=\"normal\" data-sstype=\"row\"><div class=\"n2-ss-layer-row n2-ss-layer-with-background n-uc-g6CeQ3gud8ft-inner\"><div class=\"n2-ss-layer-row-inner\"><div class=\"n2-ss-layer n2-ow n-uc-PXbTdkT2rKYC\" data-pm=\"default\" data-sstype=\"col\"><div class=\"n2-ss-layer-col n2-ss-layer-with-background n2-ss-layer-content n-uc-PXbTdkT2rKYC-inner\"><\/div><\/div><\/div><\/div><\/div><div class=\"n2-ss-layer n2-ow n-uc-dDnDvMatH9Wz\" data-pm=\"normal\" data-hidedesktopportrait=\"1\" data-hidemobileportrait=\"1\" data-sstype=\"layer\"><div class=\"n2-ss-item-content n2-ss-text n2-ow-all\"><div class=\"\"><p class=\"n2-font-ddef5447deae9c44140262e41ed9477f-paragraph\">Investigaci\u00f3n M\u00e9dica<\/p>\n<\/div><\/div><\/div><div class=\"n2-ss-layer n2-ow n2-ss-layer--block n2-ss-has-self-align n-uc-c8jk41EInLTR\" data-pm=\"normal\" data-sstype=\"row\"><div class=\"n2-ss-layer-row n2-ss-layer-with-background n-uc-c8jk41EInLTR-inner\"><div class=\"n2-ss-layer-row-inner\"><div class=\"n2-ss-layer n2-ow n-uc-uuKRyYs8ETHB\" data-pm=\"default\" data-sstype=\"col\"><div class=\"n2-ss-layer-col n2-ss-layer-with-background n2-ss-layer-content n-uc-uuKRyYs8ETHB-inner\"><\/div><\/div><div class=\"n2-ss-layer n2-ow n-uc-mFIVNJA270YG\" data-pm=\"default\" data-sstype=\"col\"><div class=\"n2-ss-layer-col n2-ss-layer-with-background n2-ss-layer-content n-uc-mFIVNJA270YG-inner\"><\/div><\/div><\/div><\/div><\/div><div class=\"n2-ss-layer n2-ow n-uc-TeCANWDHoMlU\" data-pm=\"normal\" data-hidedesktopportrait=\"1\" data-hidetabletportrait=\"1\" data-sstype=\"layer\"><div class=\"n2-ss-item-content n2-ss-text n2-ow-all\"><div class=\"\"><p class=\"n2-font-22e227b44276895e017999007cf897e1-paragraph  n2-style-be4bb1ebda2daa5811c3b70186d27ab9-heading\">Investigaci\u00f3n M\u00e9dica<\/p>\n<\/div><\/div><\/div><\/div><\/div><\/div><\/div><\/div>                    <\/div>\n\n                                    <\/div>\n            <\/div>\n        <\/div>\n        <\/div><ss3-loader><\/ss3-loader><\/div><\/div><div class=\"n2_clear\"><\/div><\/div><\/ss3-force-full-width><\/div>\n\n\n<div style=\"height:22px\" aria-hidden=\"true\" class=\"wp-block-spacer\"><\/div>\n\n\n\n<div class=\"wp-block-columns is-layout-flex wp-container-core-columns-is-layout-28f84493 wp-block-columns-is-layout-flex\">\n<div class=\"wp-block-column is-layout-flow wp-block-column-is-layout-flow\" style=\"flex-basis:10%\"><\/div>\n\n\n\n<div class=\"wp-block-column is-layout-flow wp-block-column-is-layout-flow\" style=\"flex-basis:90%\">\n<h1 class=\"wp-block-heading has-text-align-center has-primary-color has-text-color has-link-color wp-elements-190aa797a68c93b627b1cd9fff5d930f\">Monitoreo Remoto Configurable y Dirigido de Grupos de Investigaci\u00f3n y Ensayos Cl\u00ednicos<\/h1>\n\n\n\n<p class=\"has-text-align-center\">En MyRemoteDr empoderamos a los equipos de investigaci\u00f3n m\u00e9dica con soluciones avanzadas de monitoreo remoto y seguimiento terap\u00e9utico. Al aprovechar tecnolog\u00edas conectadas, optimizamos la recolecci\u00f3n de datos, mejoramos la participaci\u00f3n de los pacientes y apoyamos la toma de decisiones basadas en evidencia a lo largo del proceso de investigaci\u00f3n:<\/p>\n<\/div>\n\n\n\n<div class=\"wp-block-column is-layout-flow wp-block-column-is-layout-flow\" style=\"flex-basis:10%\"><\/div>\n<\/div>\n\n\n\n<div class=\"wp-block-group alignfull has-white-background-color has-background has-global-padding is-layout-constrained wp-block-group-is-layout-constrained\" style=\"border-style:none;border-width:0px;padding-top:var(--wp--preset--spacing--small);padding-bottom:var(--wp--preset--spacing--small)\">\n<div class=\"wp-block-columns is-layout-flex wp-container-core-columns-is-layout-7db7aa3e wp-block-columns-is-layout-flex\" style=\"padding-right:0;padding-left:0\">\n<div class=\"wp-block-column is-vertically-aligned-center is-layout-flow wp-block-column-is-layout-flow\">\n<div class=\"wp-block-columns are-vertically-aligned-top is-layout-flex wp-container-core-columns-is-layout-7db7aa3e wp-block-columns-is-layout-flex\" style=\"padding-right:0;padding-left:0\">\n<div class=\"wp-block-column is-vertically-aligned-top is-layout-flow wp-block-column-is-layout-flow\">\n<div class=\"wp-block-columns are-vertically-aligned-top is-layout-flex wp-container-core-columns-is-layout-28f84493 wp-block-columns-is-layout-flex\">\n<div class=\"wp-block-column is-style-shadow has-border-color has-background is-layout-flow wp-block-column-is-layout-flow\" style=\"border-color:#0191c8;border-width:1px;background-color:#fbfcffe3;padding-top:30px;padding-right:30px;padding-bottom:30px;padding-left:30px\">\n<figure class=\"wp-block-image size-full\"><img fetchpriority=\"high\" decoding=\"async\" width=\"1000\" height=\"562\" src=\"\/wp-content\/uploads\/2025\/09\/man_device_med.jpg\" alt=\"\" class=\"wp-image-2993\" srcset=\"\/wp-content\/uploads\/2025\/09\/man_device_med.jpg 1000w, \/wp-content\/uploads\/2025\/09\/man_device_med-300x169.jpg 300w, \/wp-content\/uploads\/2025\/09\/man_device_med-18x10.jpg 18w\" sizes=\"(max-width: 1000px) 100vw, 1000px\" \/><\/figure>\n\n\n\n<p>Adquiera datos personalizados de los pacientes, informaci\u00f3n \u00fatil para la toma de decisiones.<\/p>\n<\/div>\n\n\n\n<div class=\"wp-block-column is-style-shadow has-border-color has-background is-layout-flow wp-block-column-is-layout-flow\" style=\"border-color:#0191c8;border-width:1px;background-color:#fbfcffe3;padding-top:30px;padding-right:30px;padding-bottom:30px;padding-left:30px\">\n<figure class=\"wp-block-image size-full\"><img decoding=\"async\" width=\"1000\" height=\"560\" src=\"\/wp-content\/uploads\/2025\/09\/People_Med.jpg\" alt=\"\" class=\"wp-image-2994\" srcset=\"\/wp-content\/uploads\/2025\/09\/People_Med.jpg 1000w, \/wp-content\/uploads\/2025\/09\/People_Med-300x168.jpg 300w, \/wp-content\/uploads\/2025\/09\/People_Med-18x10.jpg 18w\" sizes=\"(max-width: 1000px) 100vw, 1000px\" \/><\/figure>\n\n\n\n<p>Soluciones escalables y rentables que permiten la participaci\u00f3n remota de los pacientes.<\/p>\n<\/div>\n\n\n\n<div class=\"wp-block-column is-style-shadow has-border-color has-background is-layout-flow wp-block-column-is-layout-flow\" style=\"border-color:#0191c8;border-width:1px;background-color:#fbfcffe3;padding-top:30px;padding-right:30px;padding-bottom:30px;padding-left:30px\">\n<figure class=\"wp-block-image size-full\"><img decoding=\"async\" width=\"1000\" height=\"557\" src=\"\/wp-content\/uploads\/2025\/09\/data_med.jpg\" alt=\"\" class=\"wp-image-2995\" srcset=\"\/wp-content\/uploads\/2025\/09\/data_med.jpg 1000w, \/wp-content\/uploads\/2025\/09\/data_med-300x167.jpg 300w, \/wp-content\/uploads\/2025\/09\/data_med-18x10.jpg 18w\" sizes=\"(max-width: 1000px) 100vw, 1000px\" \/><\/figure>\n\n\n\n<p>Herramientas interactivas y optimizadas de apoyo a la decisi\u00f3n, que recopilan de forma adaptativa los datos de los participantes, mediante dispositivos conectados y tecnolog\u00eda de salud inteligente.<\/p>\n<\/div>\n<\/div>\n<\/div>\n<\/div>\n<\/div>\n<\/div>\n\n\n\n<p><\/p>\n\n\n\n<p><\/p>\n<\/div>","protected":false},"excerpt":{"rendered":"<p>Configurable and Targeted Remote Monitoring of Research and Clinical Trial Cohorts At MyremoteDr, we empower medical research teams with advanced remote monitoring and therapeutic tracking solutions. By leveraging connected technologies, we streamline data collection, enhance patient engagement, and support evidence-based decision-making throughout the research process: Acquire customized patient data and gain actionable insights. Scalable, cost-effective &hellip; <\/p>\n<p class=\"link-more\"><a href=\"https:\/\/www.myremotedr.com\/es\/investigacion-medica\/\" class=\"more-link\">Leer m\u00e1s<span class=\"screen-reader-text\"> \u00abMedical Research\u00bb<\/span><\/a><\/p>","protected":false},"author":1,"featured_media":0,"parent":0,"menu_order":0,"comment_status":"closed","ping_status":"closed","template":"page-templates\/full-width-transparent.php","meta":{"_monsterinsights_skip_tracking":false,"_monsterinsights_sitenote_active":false,"_monsterinsights_sitenote_note":"","_monsterinsights_sitenote_category":0,"footnotes":""},"class_list":["post-933","page","type-page","status-publish","hentry"],"aioseo_notices":[],"_links":{"self":[{"href":"https:\/\/www.myremotedr.com\/es\/wp-json\/wp\/v2\/pages\/933","targetHints":{"allow":["GET"]}}],"collection":[{"href":"https:\/\/www.myremotedr.com\/es\/wp-json\/wp\/v2\/pages"}],"about":[{"href":"https:\/\/www.myremotedr.com\/es\/wp-json\/wp\/v2\/types\/page"}],"author":[{"embeddable":true,"href":"https:\/\/www.myremotedr.com\/es\/wp-json\/wp\/v2\/users\/1"}],"replies":[{"embeddable":true,"href":"https:\/\/www.myremotedr.com\/es\/wp-json\/wp\/v2\/comments?post=933"}],"version-history":[{"count":56,"href":"https:\/\/www.myremotedr.com\/es\/wp-json\/wp\/v2\/pages\/933\/revisions"}],"predecessor-version":[{"id":2998,"href":"https:\/\/www.myremotedr.com\/es\/wp-json\/wp\/v2\/pages\/933\/revisions\/2998"}],"wp:attachment":[{"href":"https:\/\/www.myremotedr.com\/es\/wp-json\/wp\/v2\/media?parent=933"}],"curies":[{"name":"wp","href":"https:\/\/api.w.org\/{rel}","templated":true}]}}